{"id":353,"date":"2022-03-03T22:05:08","date_gmt":"2022-03-03T22:05:08","guid":{"rendered":"https:\/\/somostodosucrania.pt\/en\/?page_id=353"},"modified":"2022-04-08T13:24:25","modified_gmt":"2022-04-08T13:24:25","slug":"acolhimento-de-familias","status":"publish","type":"page","link":"https:\/\/somostodosucrania.pt\/en\/?page_id=353","title":{"rendered":"Acolhimento de fam\u00edlias"},"content":{"rendered":"\t\t<div data-elementor-type=\"wp-page\" data-elementor-id=\"353\" class=\"elementor elementor-353\">\n\t\t\t\t\t\t\t\t\t<section class=\"elementor-section elementor-top-section elementor-element elementor-element-5942a725 elementor-section-height-min-height elementor-section-boxed elementor-section-height-default elementor-section-items-middle\" data-id=\"5942a725\" data-element_type=\"section\">\n\t\t\t\t\t\t<div class=\"elementor-container elementor-column-gap-default\">\n\t\t\t\t\t<div class=\"elementor-column elementor-col-100 elementor-top-column elementor-element elementor-element-5d35f431\" data-id=\"5d35f431\" data-element_type=\"column\">\n\t\t\t<div class=\"elementor-widget-wrap elementor-element-populated\">\n\t\t\t\t\t\t\t\t<section class=\"elementor-section elementor-inner-section elementor-element elementor-element-385181da elementor-section-boxed elementor-section-height-default elementor-section-height-default\" data-id=\"385181da\" data-element_type=\"section\">\n\t\t\t\t\t\t<div class=\"elementor-container elementor-column-gap-default\">\n\t\t\t\t\t<div class=\"elementor-column elementor-col-50 elementor-inner-column elementor-element elementor-element-79cd27bf\" data-id=\"79cd27bf\" data-element_type=\"column\">\n\t\t\t<div class=\"elementor-widget-wrap elementor-element-populated\">\n\t\t\t\t\t\t\t\t<div class=\"elementor-element elementor-element-535cce8 elementor-widget elementor-widget-image\" data-id=\"535cce8\" data-element_type=\"widget\" data-widget_type=\"image.default\">\n\t\t\t\t<div class=\"elementor-widget-container\">\n\t\t\t\t\t\t\t\t\t\t\t\t\t\t\t<img width=\"1\" height=\"1\" src=\"https:\/\/somostodosucrania.pt\/en\/wp-content\/uploads\/2022\/03\/Icon-02.svg\" class=\"attachment-large size-large wp-image-233\" alt=\"\" loading=\"lazy\" \/>\t\t\t\t\t\t\t\t\t\t\t\t\t\t\t<\/div>\n\t\t\t\t<\/div>\n\t\t\t\t<div class=\"elementor-element elementor-element-2c91a6b0 elementor-widget elementor-widget-menu-anchor\" data-id=\"2c91a6b0\" data-element_type=\"widget\" data-widget_type=\"menu-anchor.default\">\n\t\t\t\t<div class=\"elementor-widget-container\">\n\t\t\t\t\t<div id=\"acolhimento\" class=\"elementor-menu-anchor\"><\/div>\n\t\t\t\t<\/div>\n\t\t\t\t<\/div>\n\t\t\t\t\t<\/div>\n\t\t<\/div>\n\t\t\t\t<div class=\"elementor-column elementor-col-50 elementor-inner-column elementor-element elementor-element-ce4a524\" data-id=\"ce4a524\" data-element_type=\"column\">\n\t\t\t<div class=\"elementor-widget-wrap elementor-element-populated\">\n\t\t\t\t\t\t\t\t<div class=\"elementor-element elementor-element-6c4865ac elementor-widget elementor-widget-heading\" data-id=\"6c4865ac\" data-element_type=\"widget\" data-widget_type=\"heading.default\">\n\t\t\t\t<div class=\"elementor-widget-container\">\n\t\t\t<h1 class=\"elementor-heading-title elementor-size-default\">Reception of Families<\/h1>\t\t<\/div>\n\t\t\t\t<\/div>\n\t\t\t\t<div class=\"elementor-element elementor-element-38012ea9 elementor-widget elementor-widget-text-editor\" data-id=\"38012ea9\" data-element_type=\"widget\" data-widget_type=\"text-editor.default\">\n\t\t\t\t<div class=\"elementor-widget-container\">\n\t\t\t\t\t\t\t<p class=\"p1\">Here you can express your availability to welcome, at your home, Ukrainian citizens and families. Your statement is not fully binding. You will be contacted later to match the actual needs.<\/p><p class=\"p1\">Register your offer(s) here.<\/p>\t\t\t\t\t\t<\/div>\n\t\t\t\t<\/div>\n\t\t\t\t\t<\/div>\n\t\t<\/div>\n\t\t\t\t\t\t\t<\/div>\n\t\t<\/section>\n\t\t\t\t<div class=\"elementor-element elementor-element-5ef798cb elementor-widget-divider--view-line elementor-widget elementor-widget-divider\" data-id=\"5ef798cb\" data-element_type=\"widget\" data-widget_type=\"divider.default\">\n\t\t\t\t<div class=\"elementor-widget-container\">\n\t\t\t\t\t<div class=\"elementor-divider\">\n\t\t\t<span class=\"elementor-divider-separator\">\n\t\t\t\t\t\t<\/span>\n\t\t<\/div>\n\t\t\t\t<\/div>\n\t\t\t\t<\/div>\n\t\t\t\t\t<\/div>\n\t\t<\/div>\n\t\t\t\t\t\t\t<\/div>\n\t\t<\/section>\n\t\t\t\t<section class=\"elementor-section elementor-top-section elementor-element elementor-element-6ffef894 elementor-section-boxed elementor-section-height-default elementor-section-height-default\" data-id=\"6ffef894\" data-element_type=\"section\">\n\t\t\t\t\t\t<div class=\"elementor-container elementor-column-gap-default\">\n\t\t\t\t\t<div class=\"elementor-column elementor-col-100 elementor-top-column elementor-element elementor-element-1d405dea\" data-id=\"1d405dea\" data-element_type=\"column\">\n\t\t\t<div class=\"elementor-widget-wrap\">\n\t\t\t\t\t\t\t\t\t<\/div>\n\t\t<\/div>\n\t\t\t\t\t\t\t<\/div>\n\t\t<\/section>\n\t\t\t\t<section class=\"elementor-section elementor-top-section elementor-element elementor-element-b039a71 elementor-section-boxed elementor-section-height-default elementor-section-height-default\" data-id=\"b039a71\" data-element_type=\"section\">\n\t\t\t\t\t\t<div class=\"elementor-container elementor-column-gap-default\">\n\t\t\t\t\t<div class=\"elementor-column elementor-col-100 elementor-top-column elementor-element elementor-element-82f92fe\" data-id=\"82f92fe\" data-element_type=\"column\">\n\t\t\t<div class=\"elementor-widget-wrap elementor-element-populated\">\n\t\t\t\t\t\t\t\t<div class=\"elementor-element elementor-element-8c419bb elementor-widget-divider--view-line elementor-widget elementor-widget-divider\" data-id=\"8c419bb\" data-element_type=\"widget\" data-widget_type=\"divider.default\">\n\t\t\t\t<div class=\"elementor-widget-container\">\n\t\t\t\t\t<div class=\"elementor-divider\">\n\t\t\t<span class=\"elementor-divider-separator\">\n\t\t\t\t\t\t<\/span>\n\t\t<\/div>\n\t\t\t\t<\/div>\n\t\t\t\t<\/div>\n\t\t\t\t<div class=\"elementor-element elementor-element-6835657 elementor-widget elementor-widget-text-editor\" data-id=\"6835657\" data-element_type=\"widget\" data-widget_type=\"text-editor.default\">\n\t\t\t\t<div class=\"elementor-widget-container\">\n\t\t\t\t\t\t\t<p style=\"font-family: Regular, sans-serif; font-size: 14px;\"><strong>\u00a0<\/strong><\/p><p style=\"font-family: Regular, sans-serif; font-size: 14px;\"><strong>Data Protection<\/strong><\/p><p style=\"font-family: Regular, sans-serif; font-size: 14px;\">I take note that the City Halls of Matosinhos, Porto and Vila Nova de Gaia will use my personal data: name, address, telephone and e-mail address for contact and operation of the initiative &#8220;We are all Ukraine&#8221; and will share these data with the High Commissioner for Migrations &#8211; Centro Nacional de Apoio \u00e0 Integra\u00e7\u00e3o de Migrantes Norte (CNAIM North) for the same purposes.<\/p><p style=\"font-family: Regular, sans-serif; font-size: 14px;\">For more information about the privacy practices of the Municipality of Porto, please check the website at:<br \/><span style=\"color: var( --e-global-color-text ); letter-spacing: var(--bodyLetterSpacing); text-transform: var(--bodyTextTransform); background-color: var(--nv-site-bg);\">https:\/\/www.cm-porto.pt\/legal\/politica-de-privacidade<br \/><\/span><span style=\"color: var( --e-global-color-text ); letter-spacing: var(--bodyLetterSpacing); text-transform: var(--bodyTextTransform); background-color: var(--nv-site-bg);\">or send an email to\u00a0<a href=\"https:\/\/www.cm-porto.pt\/legal\/politica-de-privacidade\">rgpd@cm-porto.pt<\/a><\/span><\/p><p style=\"font-family: Regular, sans-serif; font-size: 14px;\">For more information about the privacy practices of the Municipality of Matosinhos, please check the website at:<br \/><a href=\"https:\/\/www.cm-matosinhos.pt\/politica-de-privacidade\">https:\/\/www.cm-matosinhos.pt\/politica-de-privacidade<\/a><br \/>or send an email to\u00a0<a href=\"mailto:rgpd@cm-matosinhos.pt\">rgpd@cm-matosinhos.pt<\/a><\/p><p style=\"font-family: Regular, sans-serif; font-size: 14px;\">For more information about the privacy practices of the Municipality of Vila Nova de Gaia, please check the website at:<br \/><a href=\"https:\/\/www.cm-gaia.pt\/pt\/links\/protecao-de-dados\/\">https:\/\/www.cm-gaia.pt\/pt\/links\/protecao-de-dados\/<\/a><br \/>or send an email to\u00a0<a href=\"mailto:epd@cm-gaia.pt\">epd@cm-gaia.pt<\/a><\/p>\t\t\t\t\t\t<\/div>\n\t\t\t\t<\/div>\n\t\t\t\t\t<\/div>\n\t\t<\/div>\n\t\t\t\t\t\t\t<\/div>\n\t\t<\/section>\n\t\t\t\t\t\t\t<\/div>\n\t\t","protected":false},"excerpt":{"rendered":"<p>Reception of Families Here you can express your availability to welcome, at your home, Ukrainian citizens and families. Your statement is not fully binding. You will be contacted later to match the actual needs. Register your offer(s) here. \u00a0 Data Protection I take note that the City Halls of Matosinhos, Porto and Vila Nova de&hellip;&nbsp;<a href=\"https:\/\/somostodosucrania.pt\/en\/?page_id=353\" class=\"\" rel=\"bookmark\">Read More &raquo;<span class=\"screen-reader-text\">Acolhimento de fam\u00edlias<\/span><\/a><\/p>\n","protected":false},"author":2,"featured_media":0,"parent":0,"menu_order":0,"comment_status":"closed","ping_status":"closed","template":"","meta":{"neve_meta_sidebar":"","neve_meta_container":"","neve_meta_enable_content_width":"","neve_meta_content_width":0,"neve_meta_title_alignment":"","neve_meta_author_avatar":"","neve_post_elements_order":"","neve_meta_disable_header":"","neve_meta_disable_footer":"","neve_meta_disable_title":"on"},"_links":{"self":[{"href":"https:\/\/somostodosucrania.pt\/en\/index.php?rest_route=\/wp\/v2\/pages\/353"}],"collection":[{"href":"https:\/\/somostodosucrania.pt\/en\/index.php?rest_route=\/wp\/v2\/pages"}],"about":[{"href":"https:\/\/somostodosucrania.pt\/en\/index.php?rest_route=\/wp\/v2\/types\/page"}],"author":[{"embeddable":true,"href":"https:\/\/somostodosucrania.pt\/en\/index.php?rest_route=\/wp\/v2\/users\/2"}],"replies":[{"embeddable":true,"href":"https:\/\/somostodosucrania.pt\/en\/index.php?rest_route=%2Fwp%2Fv2%2Fcomments&post=353"}],"version-history":[{"count":111,"href":"https:\/\/somostodosucrania.pt\/en\/index.php?rest_route=\/wp\/v2\/pages\/353\/revisions"}],"predecessor-version":[{"id":1078,"href":"https:\/\/somostodosucrania.pt\/en\/index.php?rest_route=\/wp\/v2\/pages\/353\/revisions\/1078"}],"wp:attachment":[{"href":"https:\/\/somostodosucrania.pt\/en\/index.php?rest_route=%2Fwp%2Fv2%2Fmedia&parent=353"}],"curies":[{"name":"wp","href":"https:\/\/api.w.org\/{rel}","templated":true}]}}