{"id":409,"date":"2022-03-03T22:29:20","date_gmt":"2022-03-03T22:29:20","guid":{"rendered":"https:\/\/somostodosucrania.pt\/en\/?page_id=409"},"modified":"2022-03-07T16:00:39","modified_gmt":"2022-03-07T16:00:39","slug":"bolsa-de-sevicos","status":"publish","type":"page","link":"https:\/\/somostodosucrania.pt\/en\/?page_id=409","title":{"rendered":"Bolsa de Sevi\u00e7os"},"content":{"rendered":"\t\t<div data-elementor-type=\"wp-page\" data-elementor-id=\"409\" class=\"elementor elementor-409\">\n\t\t\t\t\t\t\t\t\t<section class=\"elementor-section elementor-top-section elementor-element elementor-element-1c5d4563 elementor-section-boxed elementor-section-height-default elementor-section-height-default\" data-id=\"1c5d4563\" data-element_type=\"section\">\n\t\t\t\t\t\t<div class=\"elementor-container elementor-column-gap-default\">\n\t\t\t\t\t<div class=\"elementor-column elementor-col-100 elementor-top-column elementor-element elementor-element-3d731322\" data-id=\"3d731322\" data-element_type=\"column\">\n\t\t\t<div class=\"elementor-widget-wrap elementor-element-populated\">\n\t\t\t\t\t\t\t\t<section class=\"elementor-section elementor-inner-section elementor-element elementor-element-2af78877 elementor-section-boxed elementor-section-height-default elementor-section-height-default\" data-id=\"2af78877\" data-element_type=\"section\">\n\t\t\t\t\t\t<div class=\"elementor-container elementor-column-gap-default\">\n\t\t\t\t\t<div class=\"elementor-column elementor-col-50 elementor-inner-column elementor-element elementor-element-5206178f\" data-id=\"5206178f\" data-element_type=\"column\">\n\t\t\t<div class=\"elementor-widget-wrap elementor-element-populated\">\n\t\t\t\t\t\t\t\t<div class=\"elementor-element elementor-element-4ea6bb51 elementor-widget elementor-widget-image\" data-id=\"4ea6bb51\" data-element_type=\"widget\" data-widget_type=\"image.default\">\n\t\t\t\t<div class=\"elementor-widget-container\">\n\t\t\t\t\t\t\t\t\t\t\t\t\t\t\t<img width=\"1\" height=\"1\" src=\"https:\/\/somostodosucrania.pt\/en\/wp-content\/uploads\/2022\/03\/Icon-04.svg\" class=\"attachment-large size-large wp-image-236\" alt=\"\" loading=\"lazy\" \/>\t\t\t\t\t\t\t\t\t\t\t\t\t\t\t<\/div>\n\t\t\t\t<\/div>\n\t\t\t\t<div class=\"elementor-element elementor-element-67793eeb elementor-widget elementor-widget-menu-anchor\" data-id=\"67793eeb\" data-element_type=\"widget\" data-widget_type=\"menu-anchor.default\">\n\t\t\t\t<div class=\"elementor-widget-container\">\n\t\t\t\t\t<div id=\"acolhimento\" class=\"elementor-menu-anchor\"><\/div>\n\t\t\t\t<\/div>\n\t\t\t\t<\/div>\n\t\t\t\t\t<\/div>\n\t\t<\/div>\n\t\t\t\t<div class=\"elementor-column elementor-col-50 elementor-inner-column elementor-element elementor-element-685f29e4\" data-id=\"685f29e4\" data-element_type=\"column\">\n\t\t\t<div class=\"elementor-widget-wrap elementor-element-populated\">\n\t\t\t\t\t\t\t\t<div class=\"elementor-element elementor-element-77564fc4 elementor-widget elementor-widget-heading\" data-id=\"77564fc4\" data-element_type=\"widget\" data-widget_type=\"heading.default\">\n\t\t\t\t<div class=\"elementor-widget-container\">\n\t\t\t<h1 class=\"elementor-heading-title elementor-size-default\">Service Exchange<\/h1>\t\t<\/div>\n\t\t\t\t<\/div>\n\t\t\t\t<div class=\"elementor-element elementor-element-386fb9f elementor-widget elementor-widget-text-editor\" data-id=\"386fb9f\" data-element_type=\"widget\" data-widget_type=\"text-editor.default\">\n\t\t\t\t<div class=\"elementor-widget-container\">\n\t\t\t\t\t\t\t<p>Do you want to put forward your experience and training to help the Ukrainians arriving in Portugal? Do you own a catering establishment and can cook meals? We need you. Doctors, lawyers, psychologists, translators, hairdressers, drivers, or professionals from other sectors can register in this Service Exchange created to provide an employment opportunity for Ukrainian refugees.<\/p><p>Register here the service you have to offer and your availability to exercise it.<\/p>\t\t\t\t\t\t<\/div>\n\t\t\t\t<\/div>\n\t\t\t\t\t<\/div>\n\t\t<\/div>\n\t\t\t\t\t\t\t<\/div>\n\t\t<\/section>\n\t\t\t\t<div class=\"elementor-element elementor-element-217ee1be elementor-widget-divider--view-line elementor-widget elementor-widget-divider\" data-id=\"217ee1be\" data-element_type=\"widget\" data-widget_type=\"divider.default\">\n\t\t\t\t<div class=\"elementor-widget-container\">\n\t\t\t\t\t<div class=\"elementor-divider\">\n\t\t\t<span class=\"elementor-divider-separator\">\n\t\t\t\t\t\t<\/span>\n\t\t<\/div>\n\t\t\t\t<\/div>\n\t\t\t\t<\/div>\n\t\t\t\t\t<\/div>\n\t\t<\/div>\n\t\t\t\t\t\t\t<\/div>\n\t\t<\/section>\n\t\t\t\t<section class=\"elementor-section elementor-top-section elementor-element elementor-element-52062857 elementor-section-boxed elementor-section-height-default elementor-section-height-default\" data-id=\"52062857\" data-element_type=\"section\">\n\t\t\t\t\t\t<div class=\"elementor-container elementor-column-gap-default\">\n\t\t\t\t\t<div class=\"elementor-column elementor-col-100 elementor-top-column elementor-element elementor-element-36b24ff9\" data-id=\"36b24ff9\" data-element_type=\"column\">\n\t\t\t<div class=\"elementor-widget-wrap\">\n\t\t\t\t\t\t\t\t\t<\/div>\n\t\t<\/div>\n\t\t\t\t\t\t\t<\/div>\n\t\t<\/section>\n\t\t\t\t<section class=\"elementor-section elementor-top-section elementor-element elementor-element-2f5e08c elementor-section-boxed elementor-section-height-default elementor-section-height-default\" data-id=\"2f5e08c\" data-element_type=\"section\">\n\t\t\t\t\t\t<div class=\"elementor-container elementor-column-gap-default\">\n\t\t\t\t\t<div class=\"elementor-column elementor-col-100 elementor-top-column elementor-element elementor-element-a34cfd0\" data-id=\"a34cfd0\" data-element_type=\"column\">\n\t\t\t<div class=\"elementor-widget-wrap elementor-element-populated\">\n\t\t\t\t\t\t\t\t<div class=\"elementor-element elementor-element-aebacff elementor-widget-divider--view-line elementor-widget elementor-widget-divider\" data-id=\"aebacff\" data-element_type=\"widget\" data-widget_type=\"divider.default\">\n\t\t\t\t<div class=\"elementor-widget-container\">\n\t\t\t\t\t<div class=\"elementor-divider\">\n\t\t\t<span class=\"elementor-divider-separator\">\n\t\t\t\t\t\t<\/span>\n\t\t<\/div>\n\t\t\t\t<\/div>\n\t\t\t\t<\/div>\n\t\t\t\t<div class=\"elementor-element elementor-element-dbfebcb elementor-widget elementor-widget-text-editor\" data-id=\"dbfebcb\" data-element_type=\"widget\" data-widget_type=\"text-editor.default\">\n\t\t\t\t<div class=\"elementor-widget-container\">\n\t\t\t\t\t\t\t<p style=\"font-family: Regular, sans-serif; font-size: 14px;\"><strong>\u00a0<\/strong><\/p><p style=\"font-family: Regular, sans-serif; font-size: 14px;\"><strong>Data Protection<\/strong><\/p><p style=\"font-family: Regular, sans-serif; font-size: 14px;\">I take note that the City Halls of Matosinhos, Porto and Vila Nova de Gaia will use my personal data: name, address, telephone and e-mail address for contact and operation of the initiative &#8220;We are all Ukraine&#8221; and will share these data with the High Commissioner for Migrations &#8211; Centro Nacional de Apoio \u00e0 Integra\u00e7\u00e3o de Migrantes Norte (CNAIM North) for the same purposes.<\/p><p style=\"font-family: Regular, sans-serif; font-size: 14px;\">For more information about the privacy practices of the Municipality of Porto, please check the website at:<br \/><span style=\"color: var( --e-global-color-text ); letter-spacing: var(--bodyLetterSpacing); text-transform: var(--bodyTextTransform); background-color: var(--nv-site-bg);\">https:\/\/www.cm-porto.pt\/legal\/politica-de-privacidade<br \/><\/span><span style=\"color: var( --e-global-color-text ); letter-spacing: var(--bodyLetterSpacing); text-transform: var(--bodyTextTransform); background-color: var(--nv-site-bg);\">or send an email to\u00a0<a href=\"https:\/\/www.cm-porto.pt\/legal\/politica-de-privacidade\">rgpd@cm-porto.pt<\/a><\/span><\/p><p style=\"font-family: Regular, sans-serif; font-size: 14px;\">For more information about the privacy practices of the Municipality of Matosinhos, please check the website at:<br \/><a href=\"https:\/\/www.cm-matosinhos.pt\/politica-de-privacidade\">https:\/\/www.cm-matosinhos.pt\/politica-de-privacidade<\/a><br \/>or send an email to\u00a0<a href=\"mailto:rgpd@cm-matosinhos.pt\">rgpd@cm-matosinhos.pt<\/a><\/p><p style=\"font-family: Regular, sans-serif; font-size: 14px;\">For more information about the privacy practices of the Municipality of Vila Nova de Gaia, please check the website at:<br \/><a href=\"https:\/\/www.cm-gaia.pt\/pt\/links\/protecao-de-dados\/\">https:\/\/www.cm-gaia.pt\/pt\/links\/protecao-de-dados\/<\/a><br \/>or send an email to\u00a0<a href=\"mailto:epd@cm-gaia.pt\">epd@cm-gaia.pt<\/a><\/p>\t\t\t\t\t\t<\/div>\n\t\t\t\t<\/div>\n\t\t\t\t\t<\/div>\n\t\t<\/div>\n\t\t\t\t\t\t\t<\/div>\n\t\t<\/section>\n\t\t\t\t\t\t\t<\/div>\n\t\t","protected":false},"excerpt":{"rendered":"<p>Service Exchange Do you want to put forward your experience and training to help the Ukrainians arriving in Portugal? Do you own a catering establishment and can cook meals? We need you. Doctors, lawyers, psychologists, translators, hairdressers, drivers, or professionals from other sectors can register in this Service Exchange created to provide an employment opportunity&hellip;&nbsp;<a href=\"https:\/\/somostodosucrania.pt\/en\/?page_id=409\" class=\"\" rel=\"bookmark\">Read More &raquo;<span class=\"screen-reader-text\">Bolsa de Sevi\u00e7os<\/span><\/a><\/p>\n","protected":false},"author":2,"featured_media":0,"parent":0,"menu_order":0,"comment_status":"closed","ping_status":"closed","template":"","meta":{"neve_meta_sidebar":"","neve_meta_container":"","neve_meta_enable_content_width":"","neve_meta_content_width":0,"neve_meta_title_alignment":"","neve_meta_author_avatar":"","neve_post_elements_order":"","neve_meta_disable_header":"","neve_meta_disable_footer":"","neve_meta_disable_title":"on"},"_links":{"self":[{"href":"https:\/\/somostodosucrania.pt\/en\/index.php?rest_route=\/wp\/v2\/pages\/409"}],"collection":[{"href":"https:\/\/somostodosucrania.pt\/en\/index.php?rest_route=\/wp\/v2\/pages"}],"about":[{"href":"https:\/\/somostodosucrania.pt\/en\/index.php?rest_route=\/wp\/v2\/types\/page"}],"author":[{"embeddable":true,"href":"https:\/\/somostodosucrania.pt\/en\/index.php?rest_route=\/wp\/v2\/users\/2"}],"replies":[{"embeddable":true,"href":"https:\/\/somostodosucrania.pt\/en\/index.php?rest_route=%2Fwp%2Fv2%2Fcomments&post=409"}],"version-history":[{"count":70,"href":"https:\/\/somostodosucrania.pt\/en\/index.php?rest_route=\/wp\/v2\/pages\/409\/revisions"}],"predecessor-version":[{"id":998,"href":"https:\/\/somostodosucrania.pt\/en\/index.php?rest_route=\/wp\/v2\/pages\/409\/revisions\/998"}],"wp:attachment":[{"href":"https:\/\/somostodosucrania.pt\/en\/index.php?rest_route=%2Fwp%2Fv2%2Fmedia&parent=409"}],"curies":[{"name":"wp","href":"https:\/\/api.w.org\/{rel}","templated":true}]}}