{"id":1189,"date":"2022-04-08T16:42:21","date_gmt":"2022-04-08T16:42:21","guid":{"rendered":"https:\/\/somostodosucrania.pt\/?page_id=1189"},"modified":"2022-04-13T13:36:54","modified_gmt":"2022-04-13T13:36:54","slug":"informacoes-uteis","status":"publish","type":"page","link":"https:\/\/somostodosucrania.pt\/?page_id=1189","title":{"rendered":"Informa\u00e7\u00f5es \u00dateis"},"content":{"rendered":"\t\t<div data-elementor-type=\"wp-page\" data-elementor-id=\"1189\" class=\"elementor elementor-1189\" data-elementor-settings=\"[]\">\n\t\t\t\t\t\t\t<div class=\"elementor-section-wrap\">\n\t\t\t\t\t\t\t<section class=\"elementor-section elementor-top-section elementor-element elementor-element-0846c68 elementor-section-boxed elementor-section-height-default elementor-section-height-default\" data-id=\"0846c68\" data-element_type=\"section\">\n\t\t\t\t\t\t<div class=\"elementor-container elementor-column-gap-default\">\n\t\t\t\t\t<div class=\"elementor-column elementor-col-100 elementor-top-column elementor-element elementor-element-d20a891\" data-id=\"d20a891\" data-element_type=\"column\">\n\t\t\t<div class=\"elementor-widget-wrap elementor-element-populated\">\n\t\t\t\t\t\t\t\t<div class=\"elementor-element elementor-element-2343ba6 elementor-widget elementor-widget-text-editor\" data-id=\"2343ba6\" data-element_type=\"widget\" data-widget_type=\"text-editor.default\">\n\t\t\t\t<div class=\"elementor-widget-container\">\n\t\t\t\t\t\t\t<p><span style=\"color: #002060; font-family: Calibri, sans-serif; font-size: 14.6667px;\"><b><a href=\"https:\/\/sefforukraine.sef.pt\/\"><u>Pedido de Prote\u00e7\u00e3o Tempor\u00e1ria.<\/u><\/a><\/b><\/span><\/p>\t\t\t\t\t\t<\/div>\n\t\t\t\t<\/div>\n\t\t\t\t<div class=\"elementor-element elementor-element-efbd014 elementor-widget-divider--view-line elementor-widget elementor-widget-divider\" data-id=\"efbd014\" data-element_type=\"widget\" data-widget_type=\"divider.default\">\n\t\t\t\t<div class=\"elementor-widget-container\">\n\t\t\t\t\t<div class=\"elementor-divider\">\n\t\t\t<span class=\"elementor-divider-separator\">\n\t\t\t\t\t\t<\/span>\n\t\t<\/div>\n\t\t\t\t<\/div>\n\t\t\t\t<\/div>\n\t\t\t\t<div class=\"elementor-element elementor-element-0d7329a elementor-widget elementor-widget-text-editor\" data-id=\"0d7329a\" data-element_type=\"widget\" data-widget_type=\"text-editor.default\">\n\t\t\t\t<div class=\"elementor-widget-container\">\n\t\t\t\t\t\t\t<p><a href=\"https:\/\/somostodosucrania.pt\/wp-content\/uploads\/2022\/04\/Guia-TSH.pdf\" target=\"_blank\" rel=\"noopener\"><b><u>Guia de preven\u00e7\u00e3o de tr\u00e1fico de seres humanos em situa\u00e7\u00e3o de guerra<\/u><\/b><\/a><\/p>\t\t\t\t\t\t<\/div>\n\t\t\t\t<\/div>\n\t\t\t\t<div class=\"elementor-element elementor-element-39744bf elementor-widget-divider--view-line elementor-widget elementor-widget-divider\" data-id=\"39744bf\" data-element_type=\"widget\" data-widget_type=\"divider.default\">\n\t\t\t\t<div class=\"elementor-widget-container\">\n\t\t\t\t\t<div class=\"elementor-divider\">\n\t\t\t<span class=\"elementor-divider-separator\">\n\t\t\t\t\t\t<\/span>\n\t\t<\/div>\n\t\t\t\t<\/div>\n\t\t\t\t<\/div>\n\t\t\t\t<div class=\"elementor-element elementor-element-a83c2f7 elementor-widget elementor-widget-text-editor\" data-id=\"a83c2f7\" data-element_type=\"widget\" data-widget_type=\"text-editor.default\">\n\t\t\t\t<div class=\"elementor-widget-container\">\n\t\t\t\t\t\t\t<p><span style=\"font-weight: bold; font-family: Regular, sans-serif;\"><span style=\"color: var( --e-global-color-text ); font-family: var( --e-global-typography-text-font-family ), Sans-serif; background-color: var(--nv-site-bg); font-size: var(--bodyFontSize); letter-spacing: var(--bodyLetterSpacing); text-transform: var(--bodyTextTransform);\"><a style=\"--linkdeco: underline;\" href=\"https:\/\/ambiente.cm-porto.pt\/destaque\/legalizacao-de-animais-de-estimacao-vindos-da-ucrania\"><u>Legaliza\u00e7\u00e3o dos animais de companhia<\/u><\/a><\/span><\/span><\/p>\t\t\t\t\t\t<\/div>\n\t\t\t\t<\/div>\n\t\t\t\t<div class=\"elementor-element elementor-element-a6d554a elementor-widget-divider--view-line elementor-widget elementor-widget-divider\" data-id=\"a6d554a\" data-element_type=\"widget\" data-widget_type=\"divider.default\">\n\t\t\t\t<div class=\"elementor-widget-container\">\n\t\t\t\t\t<div class=\"elementor-divider\">\n\t\t\t<span class=\"elementor-divider-separator\">\n\t\t\t\t\t\t<\/span>\n\t\t<\/div>\n\t\t\t\t<\/div>\n\t\t\t\t<\/div>\n\t\t\t\t<div class=\"elementor-element elementor-element-fff3905 elementor-widget elementor-widget-text-editor\" data-id=\"fff3905\" data-element_type=\"widget\" data-widget_type=\"text-editor.default\">\n\t\t\t\t<div class=\"elementor-widget-container\">\n\t\t\t\t\t\t\t<p><span style=\"color: var( --e-global-color-text ); font-family: var( --e-global-typography-text-font-family ), Sans-serif; background-color: var(--nv-site-bg); font-size: var(--bodyFontSize); letter-spacing: var(--bodyLetterSpacing); text-transform: var(--bodyTextTransform);\"><span style=\"font-weight: bold;\"><u>RECURSOS DE LITERACIA EM SA\u00daDE PSICOL\u00d3GICA DIRIGIDOS \u00c0 POPULA\u00c7\u00c3O<\/u><\/span><\/span><\/p><p><span style=\"color: var( --e-global-color-text ); font-family: var( --e-global-typography-text-font-family ), Sans-serif; font-size: var(--bodyFontSize); letter-spacing: var(--bodyLetterSpacing); text-transform: var(--bodyTextTransform); background-color: var(--nv-site-bg);\"><span style=\"font-weight: bold;\">CONVERSAR SOBRE A GUERRA:<br \/><\/span><\/span><span style=\"color: var( --e-global-color-text ); background-color: var(--nv-site-bg); font-size: var(--bodyFontSize); letter-spacing: var(--bodyLetterSpacing); text-transform: var(--bodyTextTransform);\">\u2014\u00a0 Portugu\u00eas &#8211; <a href=\"https:\/\/www.ordemdospsicologos.pt\/ficheiros\/documentos\/doc_perguntas_respostas_guerra.pdf\"><u>Perguntas e respostas para pais e cuidadores de crian\u00e7as e jovens<\/u><\/a><br \/><\/span><span style=\"background-color: var(--nv-site-bg); color: var( --e-global-color-text ); font-size: var(--bodyFontSize); letter-spacing: var(--bodyLetterSpacing); text-transform: var(--bodyTextTransform);\">\u2014 Ucraniano &#8211; <a href=\"https:\/\/www.ordemdospsicologos.pt\/ficheiros\/documentos\/doc_perguntas_respostas_guerra_uc.pdf\"><u>\u0420\u041e\u0417\u041c\u041e\u0412\u0418 \u041f\u0420\u041e \u0412\u0406\u0419\u041d\u0423<\/u><\/a><br \/><\/span><span style=\"background-color: var(--nv-site-bg); color: var( --e-global-color-text ); font-size: var(--bodyFontSize); letter-spacing: var(--bodyLetterSpacing); text-transform: var(--bodyTextTransform);\">\u2014 Ingl\u00eas:\u00a0<\/span><a href=\"https:\/\/www.ordemdospsicologos.pt\/ficheiros\/documentos\/opp_talkingaboutwar.pdf\"><u>TALKING ABOUT WAR<\/u><\/a><span style=\"background-color: var(--nv-site-bg); color: var( --e-global-color-text ); font-size: var(--bodyFontSize); letter-spacing: var(--bodyLetterSpacing); text-transform: var(--bodyTextTransform);\"><a href=\"https:\/\/www.ordemdospsicologos.pt\/ficheiros\/documentos\/opp_talkingaboutwar.pdf\"><u>\u00a0<\/u><\/a><br \/><\/span><span style=\"background-color: var(--nv-site-bg); color: var( --e-global-color-text ); font-size: var(--bodyFontSize); letter-spacing: var(--bodyLetterSpacing); text-transform: var(--bodyTextTransform);\">\u2014 Russo: <a href=\"https:\/\/www.ordemdospsicologos.pt\/ficheiros\/documentos\/doc_perguntas_respostas_guerra_ru_1.pdf\"><u>\u041a\u0410\u041a \u0413\u041e\u0412\u041e\u0420\u0418\u0422\u042c \u041e \u0412\u041e\u0419\u041d\u0415<\/u><\/a><\/span><\/p><p><span style=\"font-weight: bold;\">GERIR EMO\u00c7\u00d5ES E SENTIMENTOS EM SITUA\u00c7\u00c3O DE CRISE<br \/><\/span><span style=\"color: var( --e-global-color-text ); background-color: var(--nv-site-bg); font-size: var(--bodyFontSize); letter-spacing: var(--bodyLetterSpacing); text-transform: var(--bodyTextTransform);\">\u2013 Portugu\u00eas:\u00a0<a href=\"https:\/\/www.ordemdospsicologos.pt\/ficheiros\/documentos\/opp_aguerraafecta_nosatodos.pdf\"><u>A guerra afeta-nos a todos<\/u><\/a><br \/><\/span><span style=\"color: var( --e-global-color-text ); background-color: var(--nv-site-bg); font-size: var(--bodyFontSize); letter-spacing: var(--bodyLetterSpacing); text-transform: var(--bodyTextTransform);\">\u2013 Ingl\u00eas:\u00a0<\/span><a href=\"https:\/\/www.ordemdospsicologos.pt\/ficheiros\/documentos\/opp_war_affects_us_all_eng_1.pdf\"><u>WAR AFFECTS US ALL<\/u><\/a><span style=\"color: var( --e-global-color-text ); background-color: var(--nv-site-bg); font-size: var(--bodyFontSize); letter-spacing: var(--bodyLetterSpacing); text-transform: var(--bodyTextTransform);\"><br \/><\/span><span style=\"color: var( --e-global-color-text ); background-color: var(--nv-site-bg); font-size: var(--bodyFontSize); letter-spacing: var(--bodyLetterSpacing); text-transform: var(--bodyTextTransform);\">\u2013 Russo:<u> <a href=\"https:\/\/www.ordemdospsicologos.pt\/ficheiros\/documentos\/doc_perguntas_respostas_guerra_ru_1.pdf\">\u0412\u041e\u0419\u041d\u0410 \u0417\u0410\u0422\u0420\u0410\u0413\u0418\u0412\u0410\u0415\u0422 \u0412\u0421\u0415\u0425 \u041d\u0410\u0421<\/a><\/u><\/span><\/p><p><b>CONVERSAR SOBRE A PAZ<\/b><br \/><span style=\"color: var( --e-global-color-text ); background-color: var(--nv-site-bg); font-size: var(--bodyFontSize); letter-spacing: var(--bodyLetterSpacing); text-transform: var(--bodyTextTransform);\"><u>\u2013<a href=\"https:\/\/www.ordemdospsicologos.pt\/ficheiros\/documentos\/conversar_sobre_paz_pop.pdf\"> Como, todos e todas, podemos ajudar a construir a Paz?<\/a><\/u><\/span><\/p><p><b>CONVERSAR SOBRE A PAZ<\/b><br \/><span style=\"color: var( --e-global-color-text ); background-color: var(--nv-site-bg); font-size: var(--bodyFontSize); letter-spacing: var(--bodyLetterSpacing); text-transform: var(--bodyTextTransform);\">\u2013 <a href=\"https:\/\/www.ordemdospsicologos.pt\/ficheiros\/documentos\/opp_conversarsobreapaz_criancasjovenspaiseducadoresprofessores.pdf\"><u>Como podem as crian\u00e7as\/jovens ajudar a construir a Paz? E como podem os pais, cuidadores, educadores e professores ajud\u00e1-las?<\/u><\/a><\/span><\/p><p><b>TODOS QUEREMOS AJUDAR<\/b><br \/><span style=\"color: var( --e-global-color-text ); background-color: var(--nv-site-bg); font-size: var(--bodyFontSize); letter-spacing: var(--bodyLetterSpacing); text-transform: var(--bodyTextTransform);\"><u>\u2013 <a href=\"https:\/\/www.ordemdospsicologos.pt\/ficheiros\/documentos\/opp_guia_acolherpessoasrefugiadas.pdf\">Um Guia para Acolher Pessoas Refugiadas<\/a><\/u><\/span><\/p><p>Mais informa\u00e7\u00e3o em <u><a href=\"https:\/\/www.ordemdospsicologos.pt\/pt\/p\/psicologia-construir-a-paz\">https:\/\/www.ordemdospsicologos.pt\/pt\/p\/psicologia-construir-a-paz<\/a>x<\/u><\/p>\t\t\t\t\t\t<\/div>\n\t\t\t\t<\/div>\n\t\t\t\t<div class=\"elementor-element elementor-element-0cd3649 elementor-widget-divider--view-line elementor-widget elementor-widget-divider\" data-id=\"0cd3649\" data-element_type=\"widget\" data-widget_type=\"divider.default\">\n\t\t\t\t<div class=\"elementor-widget-container\">\n\t\t\t\t\t<div class=\"elementor-divider\">\n\t\t\t<span class=\"elementor-divider-separator\">\n\t\t\t\t\t\t<\/span>\n\t\t<\/div>\n\t\t\t\t<\/div>\n\t\t\t\t<\/div>\n\t\t\t\t<div class=\"elementor-element elementor-element-126cd29 elementor-widget elementor-widget-text-editor\" data-id=\"126cd29\" data-element_type=\"widget\" data-widget_type=\"text-editor.default\">\n\t\t\t\t<div class=\"elementor-widget-container\">\n\t\t\t\t\t\t\t<p><b><u>RECURSOS DISPON\u00cdVEIS DE APOIO \u00c0 PR\u00c1TICA PROFISSIONAL DOS\/AS PSIC\u00d3LOGOS\/AS<\/u><\/b><\/p><p><b>GUIA DE APOIO \u00c0 INTERVEN\u00c7\u00c3O PSICOL\u00d3GICA BREVE COM CRIAN\u00c7AS<br \/><\/b><span style=\"color: var( --e-global-color-text ); font-family: var( --e-global-typography-text-font-family ), Sans-serif; font-weight: var( --e-global-typography-text-font-weight ); background-color: var(--nv-site-bg); font-size: var(--bodyFontSize); letter-spacing: var(--bodyLetterSpacing); text-transform: var(--bodyTextTransform);\">\u2013 <a href=\"https:\/\/www.ordemdospsicologos.pt\/ficheiros\/documentos\/opp_guiadetrabalho.pdf\"><u>Vamos falar sobre guerra e como fazer a paz<\/u><\/a><\/span><\/p><p><b>PESSOAS REFUGIADAS E REQUERENTES DE ASILO<br \/><\/b><span style=\"color: var( --e-global-color-text ); font-family: var( --e-global-typography-text-font-family ), Sans-serif; font-weight: var( --e-global-typography-text-font-weight ); background-color: var(--nv-site-bg); font-size: var(--bodyFontSize); letter-spacing: var(--bodyLetterSpacing); text-transform: var(--bodyTextTransform);\">\u2013 Portugu\u00eas: <a href=\"https:\/\/www.ordemdospsicologos.pt\/ficheiros\/documentos\/opp_pessoasrefugiadaserequententesdeasilo.pdf\"><u>O papel dos psic\u00f3logos\/as e algumas recomenda\u00e7\u00f5es para a interven\u00e7\u00e3o<\/u><\/a><br \/><\/span><span style=\"color: var( --e-global-color-text ); font-family: var( --e-global-typography-text-font-family ), Sans-serif; font-weight: var( --e-global-typography-text-font-weight ); background-color: var(--nv-site-bg); font-size: var(--bodyFontSize); letter-spacing: var(--bodyLetterSpacing); text-transform: var(--bodyTextTransform);\">\u2013 Ucraniano: <a href=\"https:\/\/www.ordemdospsicologos.pt\/ficheiros\/documentos\/opp_pessoasrefugiadaserequententesdeasilo_ucraniano.pdf\"><u>\u0411\u0406\u0416\u0415\u041d\u0426\u0406 \u0422\u0410 \u0428\u0423\u041a\u0410\u0427\u0406 \u041f\u0420\u0418\u0422\u0423\u041b\u041a\u0423: \u0420\u043e\u043b\u044c \u041f\u0441\u0438\u0445\u043e\u043b\u043e\u0433\u0456\u0432 \u0442\u0430 \u0434\u0435\u044f\u043a\u0456 \u0440\u0435\u043a\u043e\u043c\u0435\u043d\u0434\u0430\u0446\u0456\u0457 \u0449\u043e\u0434\u043e \u0432\u0442\u0440\u0443\u0447\u0430\u043d\u043d\u044f<\/u><\/a><\/span><\/p><p><b><a href=\"https:\/\/www.ordemdospsicologos.pt\/ficheiros\/documentos\/opp_guiaorientacaoapoiotelefonicocrise.pdf\">GUIA DE ORIENTA\u00c7\u00c3O PARA LINHAS DE APOIO TELEF\u00d3NICO EM SITUA\u00c7\u00c3O DE CRISE Guerra Ucr\u00e2nia<\/a><\/b><\/p><p>CONVERSAR SOBRE A PAZ<br \/><span style=\"color: var( --e-global-color-text ); font-family: var( --e-global-typography-text-font-family ), Sans-serif; font-weight: var( --e-global-typography-text-font-weight ); background-color: var(--nv-site-bg); font-size: var(--bodyFontSize); letter-spacing: var(--bodyLetterSpacing); text-transform: var(--bodyTextTransform);\">\u2013 <a href=\"https:\/\/www.ordemdospsicologos.pt\/ficheiros\/documentos\/opp_conversarsobreapaz_psis.pdf\"><u>Como podem os Psic\u00f3logos e Psic\u00f3logas ajudar a construir a Paz?<\/u><\/a><\/span><\/p><p>Mais informa\u00e7\u00e3o em <a href=\"https:\/\/eusinto.me\/\"><u>www.eusinto.me<\/u><\/a><\/p>\t\t\t\t\t\t<\/div>\n\t\t\t\t<\/div>\n\t\t\t\t<div class=\"elementor-element elementor-element-fd4fd6c elementor-widget-divider--view-line elementor-widget elementor-widget-divider\" data-id=\"fd4fd6c\" data-element_type=\"widget\" data-widget_type=\"divider.default\">\n\t\t\t\t<div class=\"elementor-widget-container\">\n\t\t\t\t\t<div class=\"elementor-divider\">\n\t\t\t<span class=\"elementor-divider-separator\">\n\t\t\t\t\t\t<\/span>\n\t\t<\/div>\n\t\t\t\t<\/div>\n\t\t\t\t<\/div>\n\t\t\t\t<div class=\"elementor-element elementor-element-515ac31 elementor-widget elementor-widget-text-editor\" data-id=\"515ac31\" data-element_type=\"widget\" data-widget_type=\"text-editor.default\">\n\t\t\t\t<div class=\"elementor-widget-container\">\n\t\t\t\t\t\t\t<p>Banco de Portugal | Conta de servi\u00e7os m\u00ednimos banc\u00e1rios (SMB) para promo\u00e7\u00e3o da inclus\u00e3o financeira da popula\u00e7\u00e3o ucraniana refugiada em Portugal.<\/p>\n<p><span style=\"background-color: var(--nv-site-bg); color: var( --e-global-color-text ); font-family: var( --e-global-typography-text-font-family ), Sans-serif; font-size: var(--bodyFontSize); font-weight: var( --e-global-typography-text-font-weight ); letter-spacing: var(--bodyLetterSpacing); text-transform: var(--bodyTextTransform);\">1) CARACTER\u00cdSTICAS DA CONTA DE SERVI\u00c7OS M\u00cdNIMOS BANC\u00c1RIOS<\/span><\/p>\n<p><span style=\"background-color: var(--nv-site-bg); color: var( --e-global-color-text ); font-family: var( --e-global-typography-text-font-family ), Sans-serif; font-size: var(--bodyFontSize); font-weight: var( --e-global-typography-text-font-weight ); letter-spacing: var(--bodyLetterSpacing); text-transform: var(--bodyTextTransform);\">a) A conta de servi\u00e7os m\u00ednimos banc\u00e1rios (SMB) \u00e9 uma conta de dep\u00f3sito \u00e0 ordem que tem associado um conjunto de servi\u00e7os banc\u00e1rios considerados essenciais, que os cidad\u00e3os t\u00eam direito a adquirir a um custo reduzido. O valor anual m\u00e1ximo da comiss\u00e3o de manuten\u00e7\u00e3o cobrada pela conta de SMB \u00e9 de 1% do Indexante de Apoios Sociais (4,43 euros, de acordo com o IAS de 2022).<\/span><\/p>\n<p><span style=\"color: var( --e-global-color-text ); font-family: var( --e-global-typography-text-font-family ), Sans-serif; font-weight: var( --e-global-typography-text-font-weight ); background-color: var(--nv-site-bg); font-size: var(--bodyFontSize); letter-spacing: var(--bodyLetterSpacing); text-transform: var(--bodyTextTransform);\">b) Estes servi\u00e7os, abrangidos pelo custo anual m\u00e1ximo de 4,43 euros, incluem a abertura e manuten\u00e7\u00e3o de uma conta de dep\u00f3sito \u00e0 ordem \u2013 a conta de SMB \u2013, a disponibiliza\u00e7\u00e3o do respetivo cart\u00e3o de d\u00e9bito e o acesso ao homebanking, bem como a possibilidade de realizar levantamentos ao balc\u00e3o, d\u00e9bitos diretos, transfer\u00eancias intrabanc\u00e1rias nacionais e 24 transfer\u00eancias para outros bancos, atrav\u00e9s do homebanking. A conta de SMB inclui tamb\u00e9m a possibilidade de realiza\u00e7\u00e3o de cinco transfer\u00eancias, por cada m\u00eas, com o limite de 30 euros por opera\u00e7\u00e3o, atrav\u00e9s de aplica\u00e7\u00f5es de pagamento operadas por terceiros (por ex. MBWay).<\/span><br><\/p>\n<p><span style=\"color: var( --e-global-color-text ); font-family: var( --e-global-typography-text-font-family ), Sans-serif; font-weight: var( --e-global-typography-text-font-weight ); background-color: var(--nv-site-bg); font-size: var(--bodyFontSize); letter-spacing: var(--bodyLetterSpacing); text-transform: var(--bodyTextTransform);\">c) O acesso \u00e0 conta de SMB tem de ser necessariamente solicitado pelo cliente. As institui\u00e7\u00f5es s\u00f3 podem recusar o acesso \u00e0 conta de SMB se o cliente tiver outras contas de dep\u00f3sito \u00e0 ordem.<\/span><br><\/p>\n<p><span style=\"color: var( --e-global-color-text ); font-family: var( --e-global-typography-text-font-family ), Sans-serif; font-weight: var( --e-global-typography-text-font-weight ); background-color: var(--nv-site-bg); font-size: var(--bodyFontSize); letter-spacing: var(--bodyLetterSpacing); text-transform: var(--bodyTextTransform);\">d) A conta de SMB \u00e9 obrigatoriamente disponibilizada por todas as institui\u00e7\u00f5es autorizadas a receber dep\u00f3sitos e que comercializam os servi\u00e7os inclu\u00eddos nos SMB. Apenas os bancos, caixas econ\u00f3micas, caixa central e caixas de cr\u00e9dito agr\u00edcola m\u00fatuo autorizadas pelo Banco de Portugal podem receber dep\u00f3sitos do p\u00fablico.<\/span><br><\/p>\n<p><span style=\"color: var( --e-global-color-text ); font-family: var( --e-global-typography-text-font-family ), Sans-serif; font-weight: var( --e-global-typography-text-font-weight ); background-color: var(--nv-site-bg); font-size: var(--bodyFontSize); letter-spacing: var(--bodyLetterSpacing); text-transform: var(--bodyTextTransform);\">e) Para mais informa\u00e7\u00e3o sobre a conta de SMB pode consultar o Portal do Cliente Banc\u00e1rio do Banco de Portugal: <a href=\"https:\/\/clientebancario.bportugal.pt\/pt-pt\/o-que-sao\">https:\/\/clientebancario.bportugal.pt\/pt-pt\/o-que-sao<\/a><\/span><br><\/p>\n<p><span style=\"color: var( --e-global-color-text ); font-family: var( --e-global-typography-text-font-family ), Sans-serif; font-weight: var( --e-global-typography-text-font-weight ); background-color: var(--nv-site-bg); font-size: var(--bodyFontSize); letter-spacing: var(--bodyLetterSpacing); text-transform: var(--bodyTextTransform);\">2) COMUNICADO DO BANCO DE PORTUGAL SOBRE A ABERTURA DE CONTA \u00c0 ORDEM POR CIDAD\u00c3OS UCRANIANOS DESLOCADOS: atrav\u00e9s do <a href=\"https:\/\/www.bportugal.pt\/comunicado\/abertura-de-conta-ordem-importancia-de-instituicoes-de-credito-informarem-os-cidadaos-0\">comunicado dispon\u00edvel AQUI<\/a>, o Banco de Portugal esclarece que os bancos devem promover o acesso dos cidad\u00e3os ucranianos \u00e0 conta de servi\u00e7os m\u00ednimos banc\u00e1rios e que podem adotar medidas simplificadas de identifica\u00e7\u00e3o e dilig\u00eancia na abertura de contas de dep\u00f3sito \u00e0 ordem, destacando-se o referido nos \u00faltimos par\u00e1grafos do mesmo.<\/span><br><\/p>\n<p><span style=\"color: var( --e-global-color-text ); font-family: var( --e-global-typography-text-font-family ), Sans-serif; font-weight: var( --e-global-typography-text-font-weight ); background-color: var(--nv-site-bg); font-size: var(--bodyFontSize); letter-spacing: var(--bodyLetterSpacing); text-transform: var(--bodyTextTransform);\">3) <a href=\"https:\/\/somostodosucrania.pt\/wp-content\/uploads\/2022\/04\/Folheto-BdP-1.pdf\">FOLHETO SOBRE A CONTA DE SERVI\u00c7OS M\u00cdNIMOS BANC\u00c1RIOS EM L\u00cdNGUA UCRANIANA<\/a><\/span><br><\/p>\n<p><span style=\"color: var( --e-global-color-text ); font-family: var( --e-global-typography-text-font-family ), Sans-serif; font-weight: var( --e-global-typography-text-font-weight ); background-color: var(--nv-site-bg); font-size: var(--bodyFontSize); letter-spacing: var(--bodyLetterSpacing); text-transform: var(--bodyTextTransform);\">Eventuais d\u00favidas ou quest\u00f5es que possam surgir devem ser dirigidas ao Banco de Portugal atrav\u00e9s endere\u00e7o eletr\u00f3nico: <a href=\"mailto:supervisao.comportamental@bportugal.pt\">supervisao.comportamental@bportugal.pt<\/a><\/span><br><\/p>\t\t\t\t\t\t<\/div>\n\t\t\t\t<\/div>\n\t\t\t\t\t<\/div>\n\t\t<\/div>\n\t\t\t\t\t\t\t<\/div>\n\t\t<\/section>\n\t\t\t\t\t\t<\/div>\n\t\t\t\t\t<\/div>\n\t\t","protected":false},"excerpt":{"rendered":"<p>Pedido de Prote\u00e7\u00e3o Tempor\u00e1ria. Guia de preven\u00e7\u00e3o de tr\u00e1fico de seres humanos em situa\u00e7\u00e3o de guerra Legaliza\u00e7\u00e3o dos animais de companhia RECURSOS DE LITERACIA EM SA\u00daDE PSICOL\u00d3GICA DIRIGIDOS \u00c0 POPULA\u00c7\u00c3O CONVERSAR SOBRE A GUERRA:\u2014\u00a0 Portugu\u00eas &#8211; Perguntas e respostas para pais e cuidadores de crian\u00e7as e jovens\u2014 Ucraniano &#8211; \u0420\u041e\u0417\u041c\u041e\u0412\u0418 \u041f\u0420\u041e \u0412\u0406\u0419\u041d\u0423\u2014 Ingl\u00eas:\u00a0TALKING ABOUT WAR\u00a0\u2014&hellip;&nbsp;<a href=\"https:\/\/somostodosucrania.pt\/?page_id=1189\" class=\"\" rel=\"bookmark\">Read More &raquo;<span class=\"screen-reader-text\">Informa\u00e7\u00f5es \u00dateis<\/span><\/a><\/p>\n","protected":false},"author":2,"featured_media":1212,"parent":0,"menu_order":0,"comment_status":"closed","ping_status":"closed","template":"elementor_header_footer","meta":{"neve_meta_sidebar":"","neve_meta_container":"","neve_meta_enable_content_width":"","neve_meta_content_width":0,"neve_meta_title_alignment":"","neve_meta_author_avatar":"","neve_post_elements_order":"","neve_meta_disable_header":"","neve_meta_disable_footer":"","neve_meta_disable_title":""},"_links":{"self":[{"href":"https:\/\/somostodosucrania.pt\/index.php?rest_route=\/wp\/v2\/pages\/1189"}],"collection":[{"href":"https:\/\/somostodosucrania.pt\/index.php?rest_route=\/wp\/v2\/pages"}],"about":[{"href":"https:\/\/somostodosucrania.pt\/index.php?rest_route=\/wp\/v2\/types\/page"}],"author":[{"embeddable":true,"href":"https:\/\/somostodosucrania.pt\/index.php?rest_route=\/wp\/v2\/users\/2"}],"replies":[{"embeddable":true,"href":"https:\/\/somostodosucrania.pt\/index.php?rest_route=%2Fwp%2Fv2%2Fcomments&post=1189"}],"version-history":[{"count":23,"href":"https:\/\/somostodosucrania.pt\/index.php?rest_route=\/wp\/v2\/pages\/1189\/revisions"}],"predecessor-version":[{"id":1220,"href":"https:\/\/somostodosucrania.pt\/index.php?rest_route=\/wp\/v2\/pages\/1189\/revisions\/1220"}],"wp:featuredmedia":[{"embeddable":true,"href":"https:\/\/somostodosucrania.pt\/index.php?rest_route=\/wp\/v2\/media\/1212"}],"wp:attachment":[{"href":"https:\/\/somostodosucrania.pt\/index.php?rest_route=%2Fwp%2Fv2%2Fmedia&parent=1189"}],"curies":[{"name":"wp","href":"https:\/\/api.w.org\/{rel}","templated":true}]}}