{"id":279,"date":"2022-03-03T21:22:18","date_gmt":"2022-03-03T21:22:18","guid":{"rendered":"https:\/\/somostodosucrania.pt\/?page_id=279"},"modified":"2022-05-12T15:01:07","modified_gmt":"2022-05-12T15:01:07","slug":"recolha-de-bens","status":"publish","type":"page","link":"https:\/\/somostodosucrania.pt\/?page_id=279","title":{"rendered":"Recolha de bens"},"content":{"rendered":"\t\t<div data-elementor-type=\"wp-page\" data-elementor-id=\"279\" class=\"elementor elementor-279\" data-elementor-settings=\"[]\">\n\t\t\t\t\t\t\t<div class=\"elementor-section-wrap\">\n\t\t\t\t\t\t\t<section class=\"elementor-section elementor-top-section elementor-element elementor-element-e0e198c elementor-section-boxed elementor-section-height-default elementor-section-height-default\" data-id=\"e0e198c\" data-element_type=\"section\">\n\t\t\t\t\t\t<div class=\"elementor-container elementor-column-gap-default\">\n\t\t\t\t\t<div class=\"elementor-column elementor-col-100 elementor-top-column elementor-element elementor-element-9e7f620\" data-id=\"9e7f620\" data-element_type=\"column\">\n\t\t\t<div class=\"elementor-widget-wrap elementor-element-populated\">\n\t\t\t\t\t\t\t\t<section class=\"elementor-section elementor-inner-section elementor-element elementor-element-337f649 elementor-section-boxed elementor-section-height-default elementor-section-height-default\" data-id=\"337f649\" data-element_type=\"section\">\n\t\t\t\t\t\t<div class=\"elementor-container elementor-column-gap-default\">\n\t\t\t\t\t<div class=\"elementor-column elementor-col-50 elementor-inner-column elementor-element elementor-element-3417b53\" data-id=\"3417b53\" data-element_type=\"column\">\n\t\t\t<div class=\"elementor-widget-wrap elementor-element-populated\">\n\t\t\t\t\t\t\t\t<div class=\"elementor-element elementor-element-820c5b5 elementor-widget elementor-widget-image\" data-id=\"820c5b5\" data-element_type=\"widget\" data-widget_type=\"image.default\">\n\t\t\t\t<div class=\"elementor-widget-container\">\n\t\t\t\t\t\t\t\t\t\t\t\t\t\t\t<img width=\"1\" height=\"1\" src=\"https:\/\/somostodosucrania.pt\/wp-content\/uploads\/2022\/03\/Icon-01.svg\" class=\"attachment-large size-large\" alt=\"\" loading=\"lazy\" \/>\t\t\t\t\t\t\t\t\t\t\t\t\t\t\t<\/div>\n\t\t\t\t<\/div>\n\t\t\t\t<div class=\"elementor-element elementor-element-ebcde3b elementor-widget elementor-widget-menu-anchor\" data-id=\"ebcde3b\" data-element_type=\"widget\" data-widget_type=\"menu-anchor.default\">\n\t\t\t\t<div class=\"elementor-widget-container\">\n\t\t\t\t\t<div id=\"bens\" class=\"elementor-menu-anchor\"><\/div>\n\t\t\t\t<\/div>\n\t\t\t\t<\/div>\n\t\t\t\t\t<\/div>\n\t\t<\/div>\n\t\t\t\t<div class=\"elementor-column elementor-col-50 elementor-inner-column elementor-element elementor-element-448ae48\" data-id=\"448ae48\" data-element_type=\"column\">\n\t\t\t<div class=\"elementor-widget-wrap elementor-element-populated\">\n\t\t\t\t\t\t\t\t<div class=\"elementor-element elementor-element-786ba56 elementor-widget elementor-widget-heading\" data-id=\"786ba56\" data-element_type=\"widget\" data-widget_type=\"heading.default\">\n\t\t\t\t<div class=\"elementor-widget-container\">\n\t\t\t<h1 class=\"elementor-heading-title elementor-size-default\">Recolha de bens<\/h1>\t\t<\/div>\n\t\t\t\t<\/div>\n\t\t\t\t<div class=\"elementor-element elementor-element-2ff0b40 elementor-widget elementor-widget-text-editor\" data-id=\"2ff0b40\" data-element_type=\"widget\" data-widget_type=\"text-editor.default\">\n\t\t\t\t<div class=\"elementor-widget-container\">\n\t\t\t\t\t\t\t<p>Desde os primeiros dias do conflito, est\u00e1 a decorrer uma campanha de recolha de bens por parte da Associa\u00e7\u00e3o Redentorista Cristo Rei, a Associa\u00e7\u00e3o de Ucranianos de Portugal e o Consulado da Ucr\u00e2nia do Porto. A campanha \u201cSOMOS TODOS UCR\u00c2NIA\u201d junta-se \u00e0 generosidade de dezenas de volunt\u00e1rios para aumentar a rede de recolha de bens e potenciar o processo de triagem.<\/p>\t\t\t\t\t\t<\/div>\n\t\t\t\t<\/div>\n\t\t\t\t<div class=\"elementor-element elementor-element-a5fd6a0 elementor-widget elementor-widget-button\" data-id=\"a5fd6a0\" data-element_type=\"widget\" data-widget_type=\"button.default\">\n\t\t\t\t<div class=\"elementor-widget-container\">\n\t\t\t\t\t<div class=\"elementor-button-wrapper\">\n\t\t\t<a href=\"https:\/\/somostodosucrania.pt\/wp-content\/uploads\/2022\/03\/Lista-de-bens-necessarios_16_03_2022_PT_EN.pdf\" target=\"_blank\" class=\"elementor-button-link elementor-button elementor-size-sm\" role=\"button\">\n\t\t\t\t\t\t<span class=\"elementor-button-content-wrapper\">\n\t\t\t\t\t\t<span class=\"elementor-button-text\">Lista de bens necess\u00e1rios<\/span>\n\t\t<\/span>\n\t\t\t\t\t<\/a>\n\t\t<\/div>\n\t\t\t\t<\/div>\n\t\t\t\t<\/div>\n\t\t\t\t<div class=\"elementor-element elementor-element-52ba9b5 elementor-widget elementor-widget-text-editor\" data-id=\"52ba9b5\" data-element_type=\"widget\" data-widget_type=\"text-editor.default\">\n\t\t\t\t<div class=\"elementor-widget-container\">\n\t\t\t\t\t\t\t<p><b>N\u00e3o recebemos<br \/><\/b>Bebidas alco\u00f3licas, \u00e1gua, leite, congelados, fruta, legumes e outros bens perec\u00edveis, produtos acondicionados em embalagens de vidro e roupa.<\/p>\t\t\t\t\t\t<\/div>\n\t\t\t\t<\/div>\n\t\t\t\t\t<\/div>\n\t\t<\/div>\n\t\t\t\t\t\t\t<\/div>\n\t\t<\/section>\n\t\t\t\t<div class=\"elementor-element elementor-element-e05f5c1 elementor-widget-divider--view-line elementor-widget elementor-widget-divider\" data-id=\"e05f5c1\" data-element_type=\"widget\" data-widget_type=\"divider.default\">\n\t\t\t\t<div class=\"elementor-widget-container\">\n\t\t\t\t\t<div class=\"elementor-divider\">\n\t\t\t<span class=\"elementor-divider-separator\">\n\t\t\t\t\t\t<\/span>\n\t\t<\/div>\n\t\t\t\t<\/div>\n\t\t\t\t<\/div>\n\t\t\t\t<section class=\"elementor-section elementor-inner-section elementor-element elementor-element-63c4b0d elementor-section-boxed elementor-section-height-default elementor-section-height-default\" data-id=\"63c4b0d\" data-element_type=\"section\">\n\t\t\t\t\t\t<div class=\"elementor-container elementor-column-gap-default\">\n\t\t\t\t\t<div class=\"elementor-column elementor-col-50 elementor-inner-column elementor-element elementor-element-f6d28c3\" data-id=\"f6d28c3\" data-element_type=\"column\">\n\t\t\t<div class=\"elementor-widget-wrap\">\n\t\t\t\t\t\t\t\t\t<\/div>\n\t\t<\/div>\n\t\t\t\t<div class=\"elementor-column elementor-col-50 elementor-inner-column elementor-element elementor-element-2df6857\" data-id=\"2df6857\" data-element_type=\"column\">\n\t\t\t<div class=\"elementor-widget-wrap\">\n\t\t\t\t\t\t\t\t\t<\/div>\n\t\t<\/div>\n\t\t\t\t\t\t\t<\/div>\n\t\t<\/section>\n\t\t\t\t\t<\/div>\n\t\t<\/div>\n\t\t\t\t\t\t\t<\/div>\n\t\t<\/section>\n\t\t\t\t\t\t<\/div>\n\t\t\t\t\t<\/div>\n\t\t","protected":false},"excerpt":{"rendered":"<p>Recolha de bens Desde os primeiros dias do conflito, est\u00e1 a decorrer uma campanha de recolha de bens por parte da Associa\u00e7\u00e3o Redentorista Cristo Rei, a Associa\u00e7\u00e3o de Ucranianos de Portugal e o Consulado da Ucr\u00e2nia do Porto. A campanha \u201cSOMOS TODOS UCR\u00c2NIA\u201d junta-se \u00e0 generosidade de dezenas de volunt\u00e1rios para aumentar a rede de&hellip;&nbsp;<a href=\"https:\/\/somostodosucrania.pt\/?page_id=279\" class=\"\" rel=\"bookmark\">Read More &raquo;<span class=\"screen-reader-text\">Recolha de bens<\/span><\/a><\/p>\n","protected":false},"author":2,"featured_media":0,"parent":0,"menu_order":0,"comment_status":"closed","ping_status":"closed","template":"","meta":{"neve_meta_sidebar":"","neve_meta_container":"","neve_meta_enable_content_width":"","neve_meta_content_width":0,"neve_meta_title_alignment":"","neve_meta_author_avatar":"","neve_post_elements_order":"","neve_meta_disable_header":"","neve_meta_disable_footer":"","neve_meta_disable_title":"on"},"_links":{"self":[{"href":"https:\/\/somostodosucrania.pt\/index.php?rest_route=\/wp\/v2\/pages\/279"}],"collection":[{"href":"https:\/\/somostodosucrania.pt\/index.php?rest_route=\/wp\/v2\/pages"}],"about":[{"href":"https:\/\/somostodosucrania.pt\/index.php?rest_route=\/wp\/v2\/types\/page"}],"author":[{"embeddable":true,"href":"https:\/\/somostodosucrania.pt\/index.php?rest_route=\/wp\/v2\/users\/2"}],"replies":[{"embeddable":true,"href":"https:\/\/somostodosucrania.pt\/index.php?rest_route=%2Fwp%2Fv2%2Fcomments&post=279"}],"version-history":[{"count":221,"href":"https:\/\/somostodosucrania.pt\/index.php?rest_route=\/wp\/v2\/pages\/279\/revisions"}],"predecessor-version":[{"id":1230,"href":"https:\/\/somostodosucrania.pt\/index.php?rest_route=\/wp\/v2\/pages\/279\/revisions\/1230"}],"wp:attachment":[{"href":"https:\/\/somostodosucrania.pt\/index.php?rest_route=%2Fwp%2Fv2%2Fmedia&parent=279"}],"curies":[{"name":"wp","href":"https:\/\/api.w.org\/{rel}","templated":true}]}}