{"id":353,"date":"2022-03-03T22:05:08","date_gmt":"2022-03-03T22:05:08","guid":{"rendered":"https:\/\/somostodosucrania.pt\/?page_id=353"},"modified":"2022-04-08T11:33:53","modified_gmt":"2022-04-08T11:33:53","slug":"acolhimento-de-familias","status":"publish","type":"page","link":"https:\/\/somostodosucrania.pt\/?page_id=353","title":{"rendered":"Acolhimento de fam\u00edlias"},"content":{"rendered":"\t\t<div data-elementor-type=\"wp-page\" data-elementor-id=\"353\" class=\"elementor elementor-353\" data-elementor-settings=\"[]\">\n\t\t\t\t\t\t\t<div class=\"elementor-section-wrap\">\n\t\t\t\t\t\t\t<section class=\"elementor-section elementor-top-section elementor-element elementor-element-5942a725 elementor-section-height-min-height elementor-section-boxed elementor-section-height-default elementor-section-items-middle\" data-id=\"5942a725\" data-element_type=\"section\">\n\t\t\t\t\t\t<div class=\"elementor-container elementor-column-gap-default\">\n\t\t\t\t\t<div class=\"elementor-column elementor-col-100 elementor-top-column elementor-element elementor-element-5d35f431\" data-id=\"5d35f431\" data-element_type=\"column\">\n\t\t\t<div class=\"elementor-widget-wrap elementor-element-populated\">\n\t\t\t\t\t\t\t\t<section class=\"elementor-section elementor-inner-section elementor-element elementor-element-385181da elementor-section-boxed elementor-section-height-default elementor-section-height-default\" data-id=\"385181da\" data-element_type=\"section\">\n\t\t\t\t\t\t<div class=\"elementor-container elementor-column-gap-default\">\n\t\t\t\t\t<div class=\"elementor-column elementor-col-50 elementor-inner-column elementor-element elementor-element-79cd27bf\" data-id=\"79cd27bf\" data-element_type=\"column\">\n\t\t\t<div class=\"elementor-widget-wrap elementor-element-populated\">\n\t\t\t\t\t\t\t\t<div class=\"elementor-element elementor-element-535cce8 elementor-widget elementor-widget-image\" data-id=\"535cce8\" data-element_type=\"widget\" data-widget_type=\"image.default\">\n\t\t\t\t<div class=\"elementor-widget-container\">\n\t\t\t\t\t\t\t\t\t\t\t\t\t\t\t<img width=\"1\" height=\"1\" src=\"https:\/\/somostodosucrania.pt\/wp-content\/uploads\/2022\/03\/Icon-02.svg\" class=\"attachment-large size-large\" alt=\"\" loading=\"lazy\" \/>\t\t\t\t\t\t\t\t\t\t\t\t\t\t\t<\/div>\n\t\t\t\t<\/div>\n\t\t\t\t<div class=\"elementor-element elementor-element-2c91a6b0 elementor-widget elementor-widget-menu-anchor\" data-id=\"2c91a6b0\" data-element_type=\"widget\" data-widget_type=\"menu-anchor.default\">\n\t\t\t\t<div class=\"elementor-widget-container\">\n\t\t\t\t\t<div id=\"acolhimento\" class=\"elementor-menu-anchor\"><\/div>\n\t\t\t\t<\/div>\n\t\t\t\t<\/div>\n\t\t\t\t\t<\/div>\n\t\t<\/div>\n\t\t\t\t<div class=\"elementor-column elementor-col-50 elementor-inner-column elementor-element elementor-element-ce4a524\" data-id=\"ce4a524\" data-element_type=\"column\">\n\t\t\t<div class=\"elementor-widget-wrap elementor-element-populated\">\n\t\t\t\t\t\t\t\t<div class=\"elementor-element elementor-element-6c4865ac elementor-widget elementor-widget-heading\" data-id=\"6c4865ac\" data-element_type=\"widget\" data-widget_type=\"heading.default\">\n\t\t\t\t<div class=\"elementor-widget-container\">\n\t\t\t<h1 class=\"elementor-heading-title elementor-size-default\">Acolhimento de fam\u00edlias<\/h1>\t\t<\/div>\n\t\t\t\t<\/div>\n\t\t\t\t<div class=\"elementor-element elementor-element-38012ea9 elementor-widget elementor-widget-text-editor\" data-id=\"38012ea9\" data-element_type=\"widget\" data-widget_type=\"text-editor.default\">\n\t\t\t\t<div class=\"elementor-widget-container\">\n\t\t\t\t\t\t\t<p class=\"p1\"><strong>Aqui poder\u00e1 manifestar a sua disponibilidade para acolher cidad\u00e3os e fam\u00edlias ucranianas.<\/strong> A sua manifesta\u00e7\u00e3o n\u00e3o \u00e9 totalmente vinculativa, mas ser\u00e1 posteriormente contactado para se enquadrar com as reais necessidades.<\/p><p>Para as fam\u00edlias que v\u00eam acompanhadas dos seus animais de estima\u00e7\u00e3o, e que fiquem a residir no Munic\u00edpio do Porto, ser\u00e1 dado apoio na <a href=\"https:\/\/ambiente.cm-porto.pt\/destaque\/legalizacao-de-animais-de-estimacao-vindos-da-ucrania\" target=\"_blank\" rel=\"noopener\"><strong><u>legaliza\u00e7\u00e3o dos animais de companhia<\/u><\/strong><\/a><\/p>\t\t\t\t\t\t<\/div>\n\t\t\t\t<\/div>\n\t\t\t\t\t<\/div>\n\t\t<\/div>\n\t\t\t\t\t\t\t<\/div>\n\t\t<\/section>\n\t\t\t\t<div class=\"elementor-element elementor-element-5ef798cb elementor-widget-divider--view-line elementor-widget elementor-widget-divider\" data-id=\"5ef798cb\" data-element_type=\"widget\" data-widget_type=\"divider.default\">\n\t\t\t\t<div class=\"elementor-widget-container\">\n\t\t\t\t\t<div class=\"elementor-divider\">\n\t\t\t<span class=\"elementor-divider-separator\">\n\t\t\t\t\t\t<\/span>\n\t\t<\/div>\n\t\t\t\t<\/div>\n\t\t\t\t<\/div>\n\t\t\t\t\t<\/div>\n\t\t<\/div>\n\t\t\t\t\t\t\t<\/div>\n\t\t<\/section>\n\t\t\t\t<section class=\"elementor-section elementor-top-section elementor-element elementor-element-a9fbd11 elementor-section-boxed elementor-section-height-default elementor-section-height-default\" data-id=\"a9fbd11\" data-element_type=\"section\">\n\t\t\t\t\t\t<div class=\"elementor-container elementor-column-gap-default\">\n\t\t\t\t\t<div class=\"elementor-column elementor-col-100 elementor-top-column elementor-element elementor-element-7fd09fd\" data-id=\"7fd09fd\" data-element_type=\"column\">\n\t\t\t<div class=\"elementor-widget-wrap elementor-element-populated\">\n\t\t\t\t\t\t\t\t<div class=\"elementor-element elementor-element-2642816c elementor-button-align-stretch elementor-widget elementor-widget-form\" data-id=\"2642816c\" data-element_type=\"widget\" data-settings=\"{&quot;step_next_label&quot;:&quot;Next&quot;,&quot;step_previous_label&quot;:&quot;Previous&quot;,&quot;button_width&quot;:&quot;30&quot;,&quot;step_type&quot;:&quot;number_text&quot;,&quot;step_icon_shape&quot;:&quot;circle&quot;}\" data-widget_type=\"form.default\">\n\t\t\t\t<div class=\"elementor-widget-container\">\n\t\t\t\t\t<form class=\"elementor-form\" method=\"post\" name=\"Quero ajudar - Volunt\u00e1rio\">\n\t\t\t<input type=\"hidden\" name=\"post_id\" value=\"353\"\/>\n\t\t\t<input type=\"hidden\" name=\"form_id\" value=\"2642816c\"\/>\n\t\t\t<input type=\"hidden\" name=\"referer_title\" value=\"\" \/>\n\n\t\t\t\n\t\t\t<div class=\"elementor-form-fields-wrapper elementor-labels-above\">\n\t\t\t\t\t\t\t\t<div class=\"elementor-field-type-html elementor-field-group elementor-column elementor-field-group-field_8460113 elementor-col-100\">\n\t\t\t\t\t<strong><h2>Dados Pessoais do Propriet\u00e1rio do Im\u00f3vel\n<\/strong><\/h2>\t\t\t\t<\/div>\n\t\t\t\t\t\t\t\t<div class=\"elementor-field-type-text elementor-field-group elementor-column elementor-field-group-name elementor-col-100\">\n\t\t\t\t\t\t\t\t\t\t\t\t<label for=\"form-field-name\" class=\"elementor-field-label\">\n\t\t\t\t\t\t\t\tName\t\t\t\t\t\t\t<\/label>\n\t\t\t\t\t\t\t\t\t\t\t\t\t\t<input size=\"1\" type=\"text\" name=\"form_fields[name]\" id=\"form-field-name\" class=\"elementor-field elementor-size-sm  elementor-field-textual\" placeholder=\"Name\">\n\t\t\t\t\t\t\t\t\t\t\t<\/div>\n\t\t\t\t\t\t\t\t<div class=\"elementor-field-type-text elementor-field-group elementor-column elementor-field-group-email elementor-col-100 elementor-field-required\">\n\t\t\t\t\t\t\t\t\t\t\t\t<label for=\"form-field-email\" class=\"elementor-field-label\">\n\t\t\t\t\t\t\t\tMorada\t\t\t\t\t\t\t<\/label>\n\t\t\t\t\t\t\t\t\t\t\t\t\t\t<input size=\"1\" type=\"text\" name=\"form_fields[email]\" id=\"form-field-email\" class=\"elementor-field elementor-size-sm  elementor-field-textual\" placeholder=\"Morada\" required=\"required\" aria-required=\"true\">\n\t\t\t\t\t\t\t\t\t\t\t<\/div>\n\t\t\t\t\t\t\t\t<div class=\"elementor-field-type-tel elementor-field-group elementor-column elementor-field-group-field_7b66b78 elementor-col-50 elementor-field-required\">\n\t\t\t\t\t\t\t\t\t\t\t\t<label for=\"form-field-field_7b66b78\" class=\"elementor-field-label\">\n\t\t\t\t\t\t\t\tTelefone\t\t\t\t\t\t\t<\/label>\n\t\t\t\t\t\t\t\t<input size=\"1\" type=\"tel\" name=\"form_fields[field_7b66b78]\" id=\"form-field-field_7b66b78\" class=\"elementor-field elementor-size-sm  elementor-field-textual\" placeholder=\"Telefone\" required=\"required\" aria-required=\"true\" pattern=\"[0-9()#&amp;+*-=.]+\" title=\"Only numbers and phone characters (#, -, *, etc) are accepted.\">\n\n\t\t\t\t\t\t<\/div>\n\t\t\t\t\t\t\t\t<div class=\"elementor-field-type-email elementor-field-group elementor-column elementor-field-group-field_181da9d elementor-col-50 elementor-field-required\">\n\t\t\t\t\t\t\t\t\t\t\t\t<label for=\"form-field-field_181da9d\" class=\"elementor-field-label\">\n\t\t\t\t\t\t\t\tEmail\t\t\t\t\t\t\t<\/label>\n\t\t\t\t\t\t\t\t\t\t\t\t\t\t<input size=\"1\" type=\"email\" name=\"form_fields[field_181da9d]\" id=\"form-field-field_181da9d\" class=\"elementor-field elementor-size-sm  elementor-field-textual\" placeholder=\"Email\" required=\"required\" aria-required=\"true\">\n\t\t\t\t\t\t\t\t\t\t\t<\/div>\n\t\t\t\t\t\t\t\t<div class=\"elementor-field-type-html elementor-field-group elementor-column elementor-field-group-field_232c4fc elementor-col-100\">\n\t\t\t\t\t<br><br><strong><h4>Tipo de apoio<\/strong>\t\t\t\t<\/div>\n\t\t\t\t\t\t\t\t<div class=\"elementor-field-type-html elementor-field-group elementor-column elementor-field-group-field_b4ab16f elementor-col-100\">\n\t\t\t\t\t* Apenas podem ser consideradas as ofertas de im\u00f3veis ou apartamentos completamente desabitados para o acolhimento de cidad\u00e3os e fam\u00edlias ucranianas. <br>* O acolhimento exclusivo de menores tem regras pr\u00f3prias, pelo que a disponibilidade para ajuda nestas situa\u00e7\u00f5es dever\u00e1 ser efetuada atrav\u00e9s da plataforma criada pelo Governo para registo e prote\u00e7\u00e3o de crian\u00e7as ucranianas \u2013 Portugal for Ukraine.>\n<br><br>\t\t\t\t<\/div>\n\t\t\t\t\t\t\t\t<div class=\"elementor-field-type-select elementor-field-group elementor-column elementor-field-group-field_65b7e3a elementor-col-33\">\n\t\t\t\t\t\t\t\t\t\t\t\t<label for=\"form-field-field_65b7e3a\" class=\"elementor-field-label\">\n\t\t\t\t\t\t\t\tAlojamento de refugiados\t\t\t\t\t\t\t<\/label>\n\t\t\t\t\t\t\t\t<div class=\"elementor-field elementor-select-wrapper \">\n\t\t\t<select name=\"form_fields[field_65b7e3a]\" id=\"form-field-field_65b7e3a\" class=\"elementor-field-textual elementor-size-sm\">\n\t\t\t\t\t\t\t\t\t<option value=\"Im\u00f3vel desabitado\">Im\u00f3vel desabitado<\/option>\n\t\t\t\t\t\t\t\t\t<option value=\"Apartamento\/habita\u00e7\u00e3o desabitado*\">Apartamento\/habita\u00e7\u00e3o desabitado*<\/option>\n\t\t\t\t\t\t\t<\/select>\n\t\t<\/div>\n\t\t\t\t\t\t<\/div>\n\t\t\t\t\t\t\t\t<div class=\"elementor-field-type-select elementor-field-group elementor-column elementor-field-group-field_f2672bf elementor-col-33\">\n\t\t\t\t\t\t\t\t\t\t\t\t<label for=\"form-field-field_f2672bf\" class=\"elementor-field-label\">\n\t\t\t\t\t\t\t\tO alojamento encontra-se mobilado\t\t\t\t\t\t\t<\/label>\n\t\t\t\t\t\t\t\t<div class=\"elementor-field elementor-select-wrapper \">\n\t\t\t<select name=\"form_fields[field_f2672bf]\" id=\"form-field-field_f2672bf\" class=\"elementor-field-textual elementor-size-sm\">\n\t\t\t\t\t\t\t\t\t<option value=\"N\u00e3o\">N\u00e3o<\/option>\n\t\t\t\t\t\t\t\t\t<option value=\"Sim\">Sim<\/option>\n\t\t\t\t\t\t\t<\/select>\n\t\t<\/div>\n\t\t\t\t\t\t<\/div>\n\t\t\t\t\t\t\t\t<div class=\"elementor-field-type-select elementor-field-group elementor-column elementor-field-group-field_fae6d47 elementor-col-33\">\n\t\t\t\t\t\t\t\t\t\t\t\t<label for=\"form-field-field_fae6d47\" class=\"elementor-field-label\">\n\t\t\t\t\t\t\t\tLocalidade\t\t\t\t\t\t\t<\/label>\n\t\t\t\t\t\t\t\t<div class=\"elementor-field elementor-select-wrapper \">\n\t\t\t<select name=\"form_fields[field_fae6d47]\" id=\"form-field-field_fae6d47\" class=\"elementor-field-textual elementor-size-sm\">\n\t\t\t\t\t\t\t\t\t<option value=\"Porto\">Porto<\/option>\n\t\t\t\t\t\t\t\t\t<option value=\"Matosinhos\">Matosinhos<\/option>\n\t\t\t\t\t\t\t\t\t<option value=\"Vila Nova de Gaia\">Vila Nova de Gaia<\/option>\n\t\t\t\t\t\t\t\t\t<option value=\"\"><\/option>\n\t\t\t\t\t\t\t<\/select>\n\t\t<\/div>\n\t\t\t\t\t\t<\/div>\n\t\t\t\t\t\t\t\t<div class=\"elementor-field-type-html elementor-field-group elementor-column elementor-field-group-field_8b780b6 elementor-col-100\">\n\t\t\t\t\t<br><br><strong><h4>Disponibilidade<\/strong>\t\t\t\t<\/div>\n\t\t\t\t\t\t\t\t<div class=\"elementor-field-type-date elementor-field-group elementor-column elementor-field-group-field_05da1b3 elementor-col-50\">\n\t\t\t\t\t\t\t\t\t\t\t\t<label for=\"form-field-field_05da1b3\" class=\"elementor-field-label\">\n\t\t\t\t\t\t\t\tPer\u00edodo de tempo - desde\t\t\t\t\t\t\t<\/label>\n\t\t\t\t\t\t\n\t\t<input type=\"date\" name=\"form_fields[field_05da1b3]\" id=\"form-field-field_05da1b3\" class=\"elementor-field elementor-size-sm  elementor-field-textual elementor-date-field\" placeholder=\"Per\u00edodo de tempo\" pattern=\"[0-9]{4}-[0-9]{2}-[0-9]{2}\" min=\"2022-03-04\" max=\"2023-03-01\">\n\t\t\t\t\t\t<\/div>\n\t\t\t\t\t\t\t\t<div class=\"elementor-field-type-date elementor-field-group elementor-column elementor-field-group-field_7f244a4 elementor-col-50\">\n\t\t\t\t\t\t\t\t\t\t\t\t<label for=\"form-field-field_7f244a4\" class=\"elementor-field-label\">\n\t\t\t\t\t\t\t\tPer\u00edodo de tempo - at\u00e9\t\t\t\t\t\t\t<\/label>\n\t\t\t\t\t\t\n\t\t<input type=\"date\" name=\"form_fields[field_7f244a4]\" id=\"form-field-field_7f244a4\" class=\"elementor-field elementor-size-sm  elementor-field-textual elementor-date-field\" placeholder=\"Per\u00edodo de tempo\" pattern=\"[0-9]{4}-[0-9]{2}-[0-9]{2}\" min=\"2022-03-04\" max=\"2023-03-01\">\n\t\t\t\t\t\t<\/div>\n\t\t\t\t\t\t\t\t<div class=\"elementor-field-type-select elementor-field-group elementor-column elementor-field-group-field_fcdab6e elementor-col-50\">\n\t\t\t\t\t\t\t\t\t\t\t\t<label for=\"form-field-field_fcdab6e\" class=\"elementor-field-label\">\n\t\t\t\t\t\t\t\tN\u00famero de quartos\t\t\t\t\t\t\t<\/label>\n\t\t\t\t\t\t\t\t<div class=\"elementor-field elementor-select-wrapper \">\n\t\t\t<select name=\"form_fields[field_fcdab6e]\" id=\"form-field-field_fcdab6e\" class=\"elementor-field-textual elementor-size-sm\">\n\t\t\t\t\t\t\t\t\t<option value=\"01\">01<\/option>\n\t\t\t\t\t\t\t\t\t<option value=\"02\">02<\/option>\n\t\t\t\t\t\t\t\t\t<option value=\"03\">03<\/option>\n\t\t\t\t\t\t\t\t\t<option value=\"04\">04<\/option>\n\t\t\t\t\t\t\t\t\t<option value=\"05\">05<\/option>\n\t\t\t\t\t\t\t\t\t<option value=\"\u2026\">\u2026<\/option>\n\t\t\t\t\t\t\t<\/select>\n\t\t<\/div>\n\t\t\t\t\t\t<\/div>\n\t\t\t\t\t\t\t\t<div class=\"elementor-field-type-select elementor-field-group elementor-column elementor-field-group-field_2da40f4 elementor-col-50\">\n\t\t\t\t\t\t\t\t\t\t\t\t<label for=\"form-field-field_2da40f4\" class=\"elementor-field-label\">\n\t\t\t\t\t\t\t\tN\u00famero de pessoas que pode acolher\t\t\t\t\t\t\t<\/label>\n\t\t\t\t\t\t\t\t<div class=\"elementor-field elementor-select-wrapper \">\n\t\t\t<select name=\"form_fields[field_2da40f4]\" id=\"form-field-field_2da40f4\" class=\"elementor-field-textual elementor-size-sm\">\n\t\t\t\t\t\t\t\t\t<option value=\"01\">01<\/option>\n\t\t\t\t\t\t\t\t\t<option value=\"02\">02<\/option>\n\t\t\t\t\t\t\t\t\t<option value=\"03\">03<\/option>\n\t\t\t\t\t\t\t\t\t<option value=\"05\">05<\/option>\n\t\t\t\t\t\t\t\t\t<option value=\"06\">06<\/option>\n\t\t\t\t\t\t\t\t\t<option value=\"07\">07<\/option>\n\t\t\t\t\t\t\t\t\t<option value=\"08\">08<\/option>\n\t\t\t\t\t\t\t\t\t<option value=\"09\">09<\/option>\n\t\t\t\t\t\t\t\t\t<option value=\"10\">10<\/option>\n\t\t\t\t\t\t\t<\/select>\n\t\t<\/div>\n\t\t\t\t\t\t<\/div>\n\t\t\t\t\t\t\t\t<div class=\"elementor-field-group elementor-column elementor-field-type-submit elementor-col-30 e-form__buttons\">\n\t\t\t\t\t<button type=\"submit\" class=\"elementor-button elementor-size-sm\">\n\t\t\t\t\t\t<span >\n\t\t\t\t\t\t\t\t\t\t\t\t\t\t\t<span class=\" elementor-button-icon\">\n\t\t\t\t\t\t\t\t\t\t\t\t\t\t\t\t\t\t\t\t\t\t\t\t\t\t<\/span>\n\t\t\t\t\t\t\t\t\t\t\t\t\t\t\t\t\t\t\t\t\t\t<span class=\"elementor-button-text\">Enviar<\/span>\n\t\t\t\t\t\t\t\t\t\t\t\t\t<\/span>\n\t\t\t\t\t<\/button>\n\t\t\t\t<\/div>\n\t\t\t<\/div>\n\t\t<\/form>\n\t\t\t\t<\/div>\n\t\t\t\t<\/div>\n\t\t\t\t<div class=\"elementor-element elementor-element-0ce807d elementor-widget elementor-widget-spacer\" data-id=\"0ce807d\" data-element_type=\"widget\" data-widget_type=\"spacer.default\">\n\t\t\t\t<div class=\"elementor-widget-container\">\n\t\t\t\t\t<div class=\"elementor-spacer\">\n\t\t\t<div class=\"elementor-spacer-inner\"><\/div>\n\t\t<\/div>\n\t\t\t\t<\/div>\n\t\t\t\t<\/div>\n\t\t\t\t<div class=\"elementor-element elementor-element-369b2fa elementor-widget-divider--view-line elementor-widget elementor-widget-divider\" data-id=\"369b2fa\" data-element_type=\"widget\" data-widget_type=\"divider.default\">\n\t\t\t\t<div class=\"elementor-widget-container\">\n\t\t\t\t\t<div class=\"elementor-divider\">\n\t\t\t<span class=\"elementor-divider-separator\">\n\t\t\t\t\t\t<\/span>\n\t\t<\/div>\n\t\t\t\t<\/div>\n\t\t\t\t<\/div>\n\t\t\t\t<div class=\"elementor-element elementor-element-8dd5a0b elementor-widget elementor-widget-text-editor\" data-id=\"8dd5a0b\" data-element_type=\"widget\" data-widget_type=\"text-editor.default\">\n\t\t\t\t<div class=\"elementor-widget-container\">\n\t\t\t\t\t\t\t<p><strong>Prote\u00e7\u00e3o de Dados<\/strong><\/p><p>Tomo conhecimento que as C\u00e2maras Municipais de Matosinhos, Porto e Vila Nova de Gaia ir\u00e3o utilizar os meus dados pessoais: nome; morada; telefone; endere\u00e7o de e-mail para contacto e operacionalidade da iniciativa \u00abSomos todos Ucr\u00e2nia\u00bb e v\u00e3o partilhar estes dados com o Alto Comissariado para as Migra\u00e7\u00f5es \u2013 Centro Nacional de Apoio \u00e0 Integra\u00e7\u00e3o de Migrantes Norte (CNAIM Norte) para as mesmas finalidades.<\/p><p>Para mais informa\u00e7\u00f5es sobre as pr\u00e1ticas de privacidade do Munic\u00edpio do Porto, consulte o site em:<br \/><a href=\"https:\/\/www.cm-porto.pt\/legal\/politica-de-privacidade\">https:\/\/www.cm-porto.pt\/legal\/politica-de-privacidade <\/a><br \/>ou envie um e-mail para <a href=\"mailto:rgpd@cm-porto.pt\">rgpd@cm-porto.pt<\/a><\/p><p>Para mais informa\u00e7\u00f5es sobre as pr\u00e1ticas de privacidade do Munic\u00edpio de Matosinhos, consulte o site em: <br \/><a href=\"https:\/\/www.cm-matosinhos.pt\/politica-de-privacidade\">https:\/\/www.cm-matosinhos.pt\/politica-de-privacidade <\/a><br \/>ou envie um email para <a href=\"mailto:rgpd@cm-matosinhos.pt\">rgpd@cm-matosinhos.pt<\/a><\/p><p>Para mais informa\u00e7\u00f5es sobre as pr\u00e1ticas de privacidade do Munic\u00edpio de Vila Nova de Gaia, consulte o site em: <br \/><a href=\"https:\/\/www.cm-gaia.pt\/pt\/links\/protecao-de-dados\/\">https:\/\/www.cm-gaia.pt\/pt\/links\/protecao-de-dados\/ <\/a><br \/>ou envie um email para <a href=\"mailto:epd@cm-gaia.pt\">epd@cm-gaia.pt<\/a><\/p>\t\t\t\t\t\t<\/div>\n\t\t\t\t<\/div>\n\t\t\t\t\t<\/div>\n\t\t<\/div>\n\t\t\t\t\t\t\t<\/div>\n\t\t<\/section>\n\t\t\t\t<section class=\"elementor-section elementor-top-section elementor-element elementor-element-c9b529d elementor-section-boxed elementor-section-height-default elementor-section-height-default\" data-id=\"c9b529d\" data-element_type=\"section\">\n\t\t\t\t\t\t<div class=\"elementor-container elementor-column-gap-default\">\n\t\t\t\t\t<div class=\"elementor-column elementor-col-100 elementor-top-column elementor-element elementor-element-2c85378\" data-id=\"2c85378\" data-element_type=\"column\">\n\t\t\t<div class=\"elementor-widget-wrap\">\n\t\t\t\t\t\t\t\t\t<\/div>\n\t\t<\/div>\n\t\t\t\t\t\t\t<\/div>\n\t\t<\/section>\n\t\t\t\t\t\t<\/div>\n\t\t\t\t\t<\/div>\n\t\t","protected":false},"excerpt":{"rendered":"<p>Acolhimento de fam\u00edlias Aqui poder\u00e1 manifestar a sua disponibilidade para acolher cidad\u00e3os e fam\u00edlias ucranianas. A sua manifesta\u00e7\u00e3o n\u00e3o \u00e9 totalmente vinculativa, mas ser\u00e1 posteriormente contactado para se enquadrar com as reais necessidades. Para as fam\u00edlias que v\u00eam acompanhadas dos seus animais de estima\u00e7\u00e3o, e que fiquem a residir no Munic\u00edpio do Porto, ser\u00e1 dado&hellip;&nbsp;<a href=\"https:\/\/somostodosucrania.pt\/?page_id=353\" class=\"\" rel=\"bookmark\">Read More &raquo;<span class=\"screen-reader-text\">Acolhimento de fam\u00edlias<\/span><\/a><\/p>\n","protected":false},"author":2,"featured_media":0,"parent":0,"menu_order":0,"comment_status":"closed","ping_status":"closed","template":"","meta":{"neve_meta_sidebar":"","neve_meta_container":"","neve_meta_enable_content_width":"","neve_meta_content_width":0,"neve_meta_title_alignment":"","neve_meta_author_avatar":"","neve_post_elements_order":"","neve_meta_disable_header":"","neve_meta_disable_footer":"","neve_meta_disable_title":"on"},"_links":{"self":[{"href":"https:\/\/somostodosucrania.pt\/index.php?rest_route=\/wp\/v2\/pages\/353"}],"collection":[{"href":"https:\/\/somostodosucrania.pt\/index.php?rest_route=\/wp\/v2\/pages"}],"about":[{"href":"https:\/\/somostodosucrania.pt\/index.php?rest_route=\/wp\/v2\/types\/page"}],"author":[{"embeddable":true,"href":"https:\/\/somostodosucrania.pt\/index.php?rest_route=\/wp\/v2\/users\/2"}],"replies":[{"embeddable":true,"href":"https:\/\/somostodosucrania.pt\/index.php?rest_route=%2Fwp%2Fv2%2Fcomments&post=353"}],"version-history":[{"count":141,"href":"https:\/\/somostodosucrania.pt\/index.php?rest_route=\/wp\/v2\/pages\/353\/revisions"}],"predecessor-version":[{"id":1188,"href":"https:\/\/somostodosucrania.pt\/index.php?rest_route=\/wp\/v2\/pages\/353\/revisions\/1188"}],"wp:attachment":[{"href":"https:\/\/somostodosucrania.pt\/index.php?rest_route=%2Fwp%2Fv2%2Fmedia&parent=353"}],"curies":[{"name":"wp","href":"https:\/\/api.w.org\/{rel}","templated":true}]}}