{"id":409,"date":"2022-03-03T22:29:20","date_gmt":"2022-03-03T22:29:20","guid":{"rendered":"https:\/\/somostodosucrania.pt\/?page_id=409"},"modified":"2022-03-09T12:07:30","modified_gmt":"2022-03-09T12:07:30","slug":"bolsa-de-sevicos","status":"publish","type":"page","link":"https:\/\/somostodosucrania.pt\/?page_id=409","title":{"rendered":"Bolsa de Servi\u00e7os"},"content":{"rendered":"\t\t<div data-elementor-type=\"wp-page\" data-elementor-id=\"409\" class=\"elementor elementor-409\" data-elementor-settings=\"[]\">\n\t\t\t\t\t\t\t<div class=\"elementor-section-wrap\">\n\t\t\t\t\t\t\t<section class=\"elementor-section elementor-top-section elementor-element elementor-element-1c5d4563 elementor-section-boxed elementor-section-height-default elementor-section-height-default\" data-id=\"1c5d4563\" data-element_type=\"section\">\n\t\t\t\t\t\t<div class=\"elementor-container elementor-column-gap-default\">\n\t\t\t\t\t<div class=\"elementor-column elementor-col-100 elementor-top-column elementor-element elementor-element-3d731322\" data-id=\"3d731322\" data-element_type=\"column\">\n\t\t\t<div class=\"elementor-widget-wrap elementor-element-populated\">\n\t\t\t\t\t\t\t\t<section class=\"elementor-section elementor-inner-section elementor-element elementor-element-2af78877 elementor-section-boxed elementor-section-height-default elementor-section-height-default\" data-id=\"2af78877\" data-element_type=\"section\">\n\t\t\t\t\t\t<div class=\"elementor-container elementor-column-gap-default\">\n\t\t\t\t\t<div class=\"elementor-column elementor-col-50 elementor-inner-column elementor-element elementor-element-5206178f\" data-id=\"5206178f\" data-element_type=\"column\">\n\t\t\t<div class=\"elementor-widget-wrap elementor-element-populated\">\n\t\t\t\t\t\t\t\t<div class=\"elementor-element elementor-element-4ea6bb51 elementor-widget elementor-widget-image\" data-id=\"4ea6bb51\" data-element_type=\"widget\" data-widget_type=\"image.default\">\n\t\t\t\t<div class=\"elementor-widget-container\">\n\t\t\t\t\t\t\t\t\t\t\t\t\t\t\t<img width=\"1\" height=\"1\" src=\"https:\/\/somostodosucrania.pt\/wp-content\/uploads\/2022\/03\/Icon-04.svg\" class=\"attachment-large size-large\" alt=\"\" loading=\"lazy\" \/>\t\t\t\t\t\t\t\t\t\t\t\t\t\t\t<\/div>\n\t\t\t\t<\/div>\n\t\t\t\t<div class=\"elementor-element elementor-element-67793eeb elementor-widget elementor-widget-menu-anchor\" data-id=\"67793eeb\" data-element_type=\"widget\" data-widget_type=\"menu-anchor.default\">\n\t\t\t\t<div class=\"elementor-widget-container\">\n\t\t\t\t\t<div id=\"acolhimento\" class=\"elementor-menu-anchor\"><\/div>\n\t\t\t\t<\/div>\n\t\t\t\t<\/div>\n\t\t\t\t\t<\/div>\n\t\t<\/div>\n\t\t\t\t<div class=\"elementor-column elementor-col-50 elementor-inner-column elementor-element elementor-element-685f29e4\" data-id=\"685f29e4\" data-element_type=\"column\">\n\t\t\t<div class=\"elementor-widget-wrap elementor-element-populated\">\n\t\t\t\t\t\t\t\t<div class=\"elementor-element elementor-element-77564fc4 elementor-widget elementor-widget-heading\" data-id=\"77564fc4\" data-element_type=\"widget\" data-widget_type=\"heading.default\">\n\t\t\t\t<div class=\"elementor-widget-container\">\n\t\t\t<h1 class=\"elementor-heading-title elementor-size-default\">Bolsa de Servi\u00e7os<\/h1>\t\t<\/div>\n\t\t\t\t<\/div>\n\t\t\t\t<div class=\"elementor-element elementor-element-386fb9f elementor-widget elementor-widget-text-editor\" data-id=\"386fb9f\" data-element_type=\"widget\" data-widget_type=\"text-editor.default\">\n\t\t\t\t<div class=\"elementor-widget-container\">\n\t\t\t\t\t\t\t<p class=\"p1\">Quer colocar a sua experi\u00eancia e forma\u00e7\u00e3o a ajudar os ucranianos que chegam a Portugal? \u00c9 propriet\u00e1rio de um estabelecimento de restaura\u00e7\u00e3o e pode confecionar refei\u00e7\u00f5es? Precisamos de si. M\u00e9dicos, advogados, psic\u00f3logos, tradutores, cabeleireiros, motoristas ou profissionais de outros setores podem inscrever-se nesta Bolsa de Servi\u00e7os.<\/p>\t\t\t\t\t\t<\/div>\n\t\t\t\t<\/div>\n\t\t\t\t\t<\/div>\n\t\t<\/div>\n\t\t\t\t\t\t\t<\/div>\n\t\t<\/section>\n\t\t\t\t<div class=\"elementor-element elementor-element-217ee1be elementor-widget-divider--view-line elementor-widget elementor-widget-divider\" data-id=\"217ee1be\" data-element_type=\"widget\" data-widget_type=\"divider.default\">\n\t\t\t\t<div class=\"elementor-widget-container\">\n\t\t\t\t\t<div class=\"elementor-divider\">\n\t\t\t<span class=\"elementor-divider-separator\">\n\t\t\t\t\t\t<\/span>\n\t\t<\/div>\n\t\t\t\t<\/div>\n\t\t\t\t<\/div>\n\t\t\t\t\t<\/div>\n\t\t<\/div>\n\t\t\t\t\t\t\t<\/div>\n\t\t<\/section>\n\t\t\t\t<section class=\"elementor-section elementor-top-section elementor-element elementor-element-52062857 elementor-section-boxed elementor-section-height-default elementor-section-height-default\" data-id=\"52062857\" data-element_type=\"section\">\n\t\t\t\t\t\t<div class=\"elementor-container elementor-column-gap-default\">\n\t\t\t\t\t<div class=\"elementor-column elementor-col-100 elementor-top-column elementor-element elementor-element-36b24ff9\" data-id=\"36b24ff9\" data-element_type=\"column\">\n\t\t\t<div class=\"elementor-widget-wrap elementor-element-populated\">\n\t\t\t\t\t\t\t\t<div class=\"elementor-element elementor-element-1e429541 elementor-button-align-stretch elementor-widget elementor-widget-form\" data-id=\"1e429541\" data-element_type=\"widget\" data-settings=\"{&quot;step_next_label&quot;:&quot;Next&quot;,&quot;step_previous_label&quot;:&quot;Previous&quot;,&quot;button_width&quot;:&quot;30&quot;,&quot;step_type&quot;:&quot;number_text&quot;,&quot;step_icon_shape&quot;:&quot;circle&quot;}\" data-widget_type=\"form.default\">\n\t\t\t\t<div class=\"elementor-widget-container\">\n\t\t\t\t\t<form class=\"elementor-form\" method=\"post\" name=\"Quero ajudar\">\n\t\t\t<input type=\"hidden\" name=\"post_id\" value=\"409\"\/>\n\t\t\t<input type=\"hidden\" name=\"form_id\" value=\"1e429541\"\/>\n\t\t\t<input type=\"hidden\" name=\"referer_title\" value=\"\" \/>\n\n\t\t\t\n\t\t\t<div class=\"elementor-form-fields-wrapper elementor-labels-above\">\n\t\t\t\t\t\t\t\t<div class=\"elementor-field-type-html elementor-field-group elementor-column elementor-field-group-field_8460113 elementor-col-100\">\n\t\t\t\t\t<strong><h2>Quero ajudar <\/strong><\/h2>\t\t\t\t<\/div>\n\t\t\t\t\t\t\t\t<div class=\"elementor-field-type-text elementor-field-group elementor-column elementor-field-group-name elementor-col-100\">\n\t\t\t\t\t\t\t\t\t\t\t\t<label for=\"form-field-name\" class=\"elementor-field-label\">\n\t\t\t\t\t\t\t\tName\t\t\t\t\t\t\t<\/label>\n\t\t\t\t\t\t\t\t\t\t\t\t\t\t<input size=\"1\" type=\"text\" name=\"form_fields[name]\" id=\"form-field-name\" class=\"elementor-field elementor-size-sm  elementor-field-textual\" placeholder=\"Name\">\n\t\t\t\t\t\t\t\t\t\t\t<\/div>\n\t\t\t\t\t\t\t\t<div class=\"elementor-field-type-text elementor-field-group elementor-column elementor-field-group-email elementor-col-100 elementor-field-required\">\n\t\t\t\t\t\t\t\t\t\t\t\t<label for=\"form-field-email\" class=\"elementor-field-label\">\n\t\t\t\t\t\t\t\tMorada\t\t\t\t\t\t\t<\/label>\n\t\t\t\t\t\t\t\t\t\t\t\t\t\t<input size=\"1\" type=\"text\" name=\"form_fields[email]\" id=\"form-field-email\" class=\"elementor-field elementor-size-sm  elementor-field-textual\" placeholder=\"Morada\" required=\"required\" aria-required=\"true\">\n\t\t\t\t\t\t\t\t\t\t\t<\/div>\n\t\t\t\t\t\t\t\t<div class=\"elementor-field-type-tel elementor-field-group elementor-column elementor-field-group-field_7b66b78 elementor-col-50 elementor-field-required\">\n\t\t\t\t\t\t\t\t\t\t\t\t<label for=\"form-field-field_7b66b78\" class=\"elementor-field-label\">\n\t\t\t\t\t\t\t\tTelefone\t\t\t\t\t\t\t<\/label>\n\t\t\t\t\t\t\t\t<input size=\"1\" type=\"tel\" name=\"form_fields[field_7b66b78]\" id=\"form-field-field_7b66b78\" class=\"elementor-field elementor-size-sm  elementor-field-textual\" placeholder=\"Telefone\" required=\"required\" aria-required=\"true\" pattern=\"[0-9()#&amp;+*-=.]+\" title=\"Only numbers and phone characters (#, -, *, etc) are accepted.\">\n\n\t\t\t\t\t\t<\/div>\n\t\t\t\t\t\t\t\t<div class=\"elementor-field-type-email elementor-field-group elementor-column elementor-field-group-field_181da9d elementor-col-50 elementor-field-required\">\n\t\t\t\t\t\t\t\t\t\t\t\t<label for=\"form-field-field_181da9d\" class=\"elementor-field-label\">\n\t\t\t\t\t\t\t\tEmail\t\t\t\t\t\t\t<\/label>\n\t\t\t\t\t\t\t\t\t\t\t\t\t\t<input size=\"1\" type=\"email\" name=\"form_fields[field_181da9d]\" id=\"form-field-field_181da9d\" class=\"elementor-field elementor-size-sm  elementor-field-textual\" placeholder=\"Email\" required=\"required\" aria-required=\"true\">\n\t\t\t\t\t\t\t\t\t\t\t<\/div>\n\t\t\t\t\t\t\t\t<div class=\"elementor-field-type-html elementor-field-group elementor-column elementor-field-group-field_232c4fc elementor-col-100\">\n\t\t\t\t\t<br><br><strong><h4>Tipo de apoio<\/strong><br>Disponibiliza\u00e7\u00e3o de servi\u00e7os em regime de voluntariado<br>\t\t\t\t<\/div>\n\t\t\t\t\t\t\t\t<div class=\"elementor-field-type-select elementor-field-group elementor-column elementor-field-group-field_65b7e3a elementor-col-30\">\n\t\t\t\t\t\t\t\t\t\t\t\t<label for=\"form-field-field_65b7e3a\" class=\"elementor-field-label\">\n\t\t\t\t\t\t\t\tSetor\/\u00e1rea de atividade:\t\t\t\t\t\t\t<\/label>\n\t\t\t\t\t\t\t\t<div class=\"elementor-field elementor-select-wrapper \">\n\t\t\t<select name=\"form_fields[field_65b7e3a]\" id=\"form-field-field_65b7e3a\" class=\"elementor-field-textual elementor-size-sm\">\n\t\t\t\t\t\t\t\t\t<option value=\"Selecionar\">Selecionar<\/option>\n\t\t\t\t\t\t\t\t\t<option value=\"Servi\u00e7os de restaura\u00e7\u00e3o\">Servi\u00e7os de restaura\u00e7\u00e3o<\/option>\n\t\t\t\t\t\t\t\t\t<option value=\"Cuidados m\u00e9dicos ou de enfermagem\">Cuidados m\u00e9dicos ou de enfermagem<\/option>\n\t\t\t\t\t\t\t\t\t<option value=\"Psicologia\">Psicologia<\/option>\n\t\t\t\t\t\t\t\t\t<option value=\"Tradu\u00e7\u00e3o\">Tradu\u00e7\u00e3o<\/option>\n\t\t\t\t\t\t\t\t\t<option value=\"Outro\">Outro<\/option>\n\t\t\t\t\t\t\t<\/select>\n\t\t<\/div>\n\t\t\t\t\t\t<\/div>\n\t\t\t\t\t\t\t\t<div class=\"elementor-field-type-textarea elementor-field-group elementor-column elementor-field-group-field_f2672bf elementor-col-70\">\n\t\t\t\t\t\t\t\t\t\t\t\t<label for=\"form-field-field_f2672bf\" class=\"elementor-field-label\">\n\t\t\t\t\t\t\t\tOutro\t\t\t\t\t\t\t<\/label>\n\t\t\t\t\t\t<textarea class=\"elementor-field-textual elementor-field  elementor-size-sm\" name=\"form_fields[field_f2672bf]\" id=\"form-field-field_f2672bf\" rows=\"1\" placeholder=\"Indicar outro \u2026\"><\/textarea>\t\t\t\t<\/div>\n\t\t\t\t\t\t\t\t<div class=\"elementor-field-type-textarea elementor-field-group elementor-column elementor-field-group-field_0b1f645 elementor-col-30\">\n\t\t\t\t\t\t\t\t\t\t\t\t<label for=\"form-field-field_0b1f645\" class=\"elementor-field-label\">\n\t\t\t\t\t\t\t\tDescri\u00e7\u00e3o do servi\u00e7o que pretende prestar.\t\t\t\t\t\t\t<\/label>\n\t\t\t\t\t\t<textarea class=\"elementor-field-textual elementor-field  elementor-size-sm\" name=\"form_fields[field_0b1f645]\" id=\"form-field-field_0b1f645\" rows=\"1\" placeholder=\"Indicar o servi\u00e7o\"><\/textarea>\t\t\t\t<\/div>\n\t\t\t\t\t\t\t\t<div class=\"elementor-field-type-textarea elementor-field-group elementor-column elementor-field-group-field_deef716 elementor-col-33\">\n\t\t\t\t\t\t\t\t\t\t\t\t<label for=\"form-field-field_deef716\" class=\"elementor-field-label\">\n\t\t\t\t\t\t\t\tPer\u00edodo de tempo que pretende disponibilizar\t\t\t\t\t\t\t<\/label>\n\t\t\t\t\t\t<textarea class=\"elementor-field-textual elementor-field  elementor-size-sm\" name=\"form_fields[field_deef716]\" id=\"form-field-field_deef716\" rows=\"1\" placeholder=\"Per\u00edodo de tempo que pretende disponibilizar\"><\/textarea>\t\t\t\t<\/div>\n\t\t\t\t\t\t\t\t<div class=\"elementor-field-type-textarea elementor-field-group elementor-column elementor-field-group-field_744f6b4 elementor-col-33\">\n\t\t\t\t\t\t\t\t\t\t\t\t<label for=\"form-field-field_744f6b4\" class=\"elementor-field-label\">\n\t\t\t\t\t\t\t\tLocal para prestar o servi\u00e7o gratuito\t\t\t\t\t\t\t<\/label>\n\t\t\t\t\t\t<textarea class=\"elementor-field-textual elementor-field  elementor-size-sm\" name=\"form_fields[field_744f6b4]\" id=\"form-field-field_744f6b4\" rows=\"1\" placeholder=\"Local para prestar o servi\u00e7o gratuito\"><\/textarea>\t\t\t\t<\/div>\n\t\t\t\t\t\t\t\t<div class=\"elementor-field-group elementor-column elementor-field-type-submit elementor-col-30 e-form__buttons\">\n\t\t\t\t\t<button type=\"submit\" class=\"elementor-button elementor-size-md\">\n\t\t\t\t\t\t<span >\n\t\t\t\t\t\t\t\t\t\t\t\t\t\t\t<span class=\" elementor-button-icon\">\n\t\t\t\t\t\t\t\t\t\t\t\t\t\t\t\t\t\t\t\t\t\t\t\t\t\t<\/span>\n\t\t\t\t\t\t\t\t\t\t\t\t\t\t\t\t\t\t\t\t\t\t<span class=\"elementor-button-text\">Enviar<\/span>\n\t\t\t\t\t\t\t\t\t\t\t\t\t<\/span>\n\t\t\t\t\t<\/button>\n\t\t\t\t<\/div>\n\t\t\t<\/div>\n\t\t<\/form>\n\t\t\t\t<\/div>\n\t\t\t\t<\/div>\n\t\t\t\t\t<\/div>\n\t\t<\/div>\n\t\t\t\t\t\t\t<\/div>\n\t\t<\/section>\n\t\t\t\t<section class=\"elementor-section elementor-top-section elementor-element elementor-element-313751d elementor-section-boxed elementor-section-height-default elementor-section-height-default\" data-id=\"313751d\" data-element_type=\"section\">\n\t\t\t\t\t\t<div class=\"elementor-container elementor-column-gap-default\">\n\t\t\t\t\t<div class=\"elementor-column elementor-col-100 elementor-top-column elementor-element elementor-element-0bbc443\" data-id=\"0bbc443\" data-element_type=\"column\">\n\t\t\t<div class=\"elementor-widget-wrap elementor-element-populated\">\n\t\t\t\t\t\t\t\t<div class=\"elementor-element elementor-element-e0ef473 elementor-widget-divider--view-line elementor-widget elementor-widget-divider\" data-id=\"e0ef473\" data-element_type=\"widget\" data-widget_type=\"divider.default\">\n\t\t\t\t<div class=\"elementor-widget-container\">\n\t\t\t\t\t<div class=\"elementor-divider\">\n\t\t\t<span class=\"elementor-divider-separator\">\n\t\t\t\t\t\t<\/span>\n\t\t<\/div>\n\t\t\t\t<\/div>\n\t\t\t\t<\/div>\n\t\t\t\t<div class=\"elementor-element elementor-element-2056b83 elementor-widget elementor-widget-text-editor\" data-id=\"2056b83\" data-element_type=\"widget\" data-widget_type=\"text-editor.default\">\n\t\t\t\t<div class=\"elementor-widget-container\">\n\t\t\t\t\t\t\t<p><strong>Prote\u00e7\u00e3o de Dados<\/strong><\/p><p>Tomo conhecimento que as C\u00e2maras Municipais de Matosinhos, Porto e Vila Nova de Gaia ir\u00e3o utilizar os meus dados pessoais: nome; morada; telefone; endere\u00e7o de e-mail para contacto e operacionalidade da iniciativa \u00abSomos todos Ucr\u00e2nia\u00bb e v\u00e3o partilhar estes dados com o Alto Comissariado para as Migra\u00e7\u00f5es \u2013 Centro Nacional de Apoio \u00e0 Integra\u00e7\u00e3o de Migrantes Norte (CNAIM Norte) para as mesmas finalidades.<\/p><p>Para mais informa\u00e7\u00f5es sobre as pr\u00e1ticas de privacidade do Munic\u00edpio do Porto, consulte o site em:<br \/><a href=\"https:\/\/www.cm-porto.pt\/legal\/politica-de-privacidade\">https:\/\/www.cm-porto.pt\/legal\/politica-de-privacidade <\/a><br \/>ou envie um e-mail para <a href=\"mailto:rgpd@cm-porto.pt\">rgpd@cm-porto.pt<\/a><\/p><p>Para mais informa\u00e7\u00f5es sobre as pr\u00e1ticas de privacidade do Munic\u00edpio de Matosinhos, consulte o site em: <br \/><a href=\"https:\/\/www.cm-matosinhos.pt\/politica-de-privacidade\">https:\/\/www.cm-matosinhos.pt\/politica-de-privacidade <\/a><br \/>ou envie um email para <a href=\"mailto:rgpd@cm-matosinhos.pt\">rgpd@cm-matosinhos.pt<\/a><\/p><p>Para mais informa\u00e7\u00f5es sobre as pr\u00e1ticas de privacidade do Munic\u00edpio de Vila Nova de Gaia, consulte o site em: <br \/><a href=\"https:\/\/www.cm-gaia.pt\/pt\/links\/protecao-de-dados\/\">https:\/\/www.cm-gaia.pt\/pt\/links\/protecao-de-dados\/ <\/a><br \/>ou envie um email para <a href=\"mailto:epd@cm-gaia.pt\">epd@cm-gaia.pt<\/a><\/p>\t\t\t\t\t\t<\/div>\n\t\t\t\t<\/div>\n\t\t\t\t\t<\/div>\n\t\t<\/div>\n\t\t\t\t\t\t\t<\/div>\n\t\t<\/section>\n\t\t\t\t\t\t<\/div>\n\t\t\t\t\t<\/div>\n\t\t","protected":false},"excerpt":{"rendered":"<p>Bolsa de Servi\u00e7os Quer colocar a sua experi\u00eancia e forma\u00e7\u00e3o a ajudar os ucranianos que chegam a Portugal? \u00c9 propriet\u00e1rio de um estabelecimento de restaura\u00e7\u00e3o e pode confecionar refei\u00e7\u00f5es? Precisamos de si. M\u00e9dicos, advogados, psic\u00f3logos, tradutores, cabeleireiros, motoristas ou profissionais de outros setores podem inscrever-se nesta Bolsa de Servi\u00e7os. Prote\u00e7\u00e3o de Dados Tomo conhecimento que&hellip;&nbsp;<a href=\"https:\/\/somostodosucrania.pt\/?page_id=409\" class=\"\" rel=\"bookmark\">Read More &raquo;<span class=\"screen-reader-text\">Bolsa de Servi\u00e7os<\/span><\/a><\/p>\n","protected":false},"author":2,"featured_media":0,"parent":0,"menu_order":0,"comment_status":"closed","ping_status":"closed","template":"","meta":{"neve_meta_sidebar":"","neve_meta_container":"","neve_meta_enable_content_width":"","neve_meta_content_width":0,"neve_meta_title_alignment":"","neve_meta_author_avatar":"","neve_post_elements_order":"","neve_meta_disable_header":"","neve_meta_disable_footer":"","neve_meta_disable_title":"on"},"_links":{"self":[{"href":"https:\/\/somostodosucrania.pt\/index.php?rest_route=\/wp\/v2\/pages\/409"}],"collection":[{"href":"https:\/\/somostodosucrania.pt\/index.php?rest_route=\/wp\/v2\/pages"}],"about":[{"href":"https:\/\/somostodosucrania.pt\/index.php?rest_route=\/wp\/v2\/types\/page"}],"author":[{"embeddable":true,"href":"https:\/\/somostodosucrania.pt\/index.php?rest_route=\/wp\/v2\/users\/2"}],"replies":[{"embeddable":true,"href":"https:\/\/somostodosucrania.pt\/index.php?rest_route=%2Fwp%2Fv2%2Fcomments&post=409"}],"version-history":[{"count":91,"href":"https:\/\/somostodosucrania.pt\/index.php?rest_route=\/wp\/v2\/pages\/409\/revisions"}],"predecessor-version":[{"id":1002,"href":"https:\/\/somostodosucrania.pt\/index.php?rest_route=\/wp\/v2\/pages\/409\/revisions\/1002"}],"wp:attachment":[{"href":"https:\/\/somostodosucrania.pt\/index.php?rest_route=%2Fwp%2Fv2%2Fmedia&parent=409"}],"curies":[{"name":"wp","href":"https:\/\/api.w.org\/{rel}","templated":true}]}}